{"id":1705,"date":"2026-02-24T14:10:19","date_gmt":"2026-02-24T11:10:19","guid":{"rendered":"https:\/\/www.ideadentalclinic.com\/web-sitesi-iletisim-formu-aydinlatma-metni\/"},"modified":"2026-02-24T14:18:21","modified_gmt":"2026-02-24T11:18:21","slug":"%d9%85%d8%b9%d9%84%d9%88%d9%85%d8%a7%d8%aa-%d9%86%d9%85%d9%88%d8%b0%d8%ac-%d8%a7%d9%84%d8%a7%d8%aa%d8%b5%d8%a7%d9%84-%d8%a8%d8%a7%d9%84%d9%85%d9%88%d9%82%d8%b9-%d8%a7%d9%84%d8%a5%d9%84%d9%83%d8%aa","status":"publish","type":"page","link":"https:\/\/www.ideadentalclinic.com\/ar\/%d9%85%d8%b9%d9%84%d9%88%d9%85%d8%a7%d8%aa-%d9%86%d9%85%d9%88%d8%b0%d8%ac-%d8%a7%d9%84%d8%a7%d8%aa%d8%b5%d8%a7%d9%84-%d8%a8%d8%a7%d9%84%d9%85%d9%88%d9%82%d8%b9-%d8%a7%d9%84%d8%a5%d9%84%d9%83%d8%aa\/","title":{"rendered":"\u0645\u0639\u0644\u0648\u0645\u0627\u062a \u0646\u0645\u0648\u0630\u062c \u0627\u0644\u0627\u062a\u0635\u0627\u0644 \u0628\u0627\u0644\u0645\u0648\u0642\u0639 \u0627\u0644\u0625\u0644\u0643\u062a\u0631\u0648\u0646\u064a"},"content":{"rendered":"<p>\u0625\u0646\u0651 \u0646\u0635 \u0627\u0644\u0625\u064a\u0636\u0627\u062d \u0647\u0630\u0627\u060c \u0642\u062f \u0623\u064f\u0639\u0650\u062f\u0651 \u0628\u0645\u0648\u062c\u0628 \u0627\u0644\u0645\u0627\u062f\u0629 10 \u0645\u0646 \u0642\u0627\u0646\u0648\u0646 \u062d\u0645\u0627\u064a\u0629 \u0627\u0644\u0628\u064a\u0627\u0646\u0627\u062a \u0627\u0644\u0634\u062e\u0635\u064a\u0629 \u0631\u0642\u0645 6698 \u0648\u0628\u0645\u0648\u062c\u0628 \u0627\u0644\u062a\u0628\u0644\u064a\u063a \u0627\u0644\u062e\u0627\u0635 \u0628\u0627\u0644\u0625\u062c\u0631\u0627\u0621\u0627\u062a \u0648\u0627\u0644\u0623\u0633\u0633 \u0627\u0644\u0648\u0627\u062c\u0628 \u0627\u062a\u0628\u0627\u0639\u0647\u0627 \u0641\u064a \u0627\u0644\u0648\u0641\u0627\u0621 \u0628\u0627\u0644\u062a\u0632\u0627\u0645 \u0627\u0644\u0625\u062e\u0637\u0627\u0631\u060c \u0645\u0646 \u0642\u0628\u0644 <strong>YKM SA\u011eLIK H\u0130ZMETLER\u0130 L\u0130M\u0130TED \u015e\u0130RKET\u0130 (\u0130DEA A\u011eIZ VE D\u0130\u015e SA\u011eLI\u011eI POL\u0130KL\u0130N\u0130\u011e\u0130)<\/strong> \u0628\u0635\u0641\u062a\u0647 \u0645\u0633\u0624\u0648\u0644 \u0627\u0644\u0628\u064a\u0627\u0646\u0627\u062a (\u0648\u0633\u064a\u064f\u0634\u0627\u0631 \u0625\u0644\u064a\u0647 \u0641\u064a\u0645\u0627 \u0628\u0639\u062f \u0628\u0627\u0633\u0645 <strong>YKM<\/strong>)\u060c \u0648\u0630\u0644\u0643 \u0644\u0644\u0648\u0641\u0627\u0621 \u0628\u0627\u0644\u062a\u0632\u0627\u0645 \u0627\u0644\u0625\u062e\u0637\u0627\u0631 \u0627\u0644\u0645\u062a\u0639\u0644\u0642 \u0628\u0627\u0633\u062a\u062e\u062f\u0627\u0645 \u0646\u0645\u0648\u0630\u062c \u0627\u0644\u0627\u062a\u0635\u0627\u0644 \u0641\u064a \u0645\u0648\u0642\u0639\u0646\u0627 \u0627\u0644\u0625\u0644\u0643\u062a\u0631\u0648\u0646\u064a.<\/p>\n<p>\u0625\u0646\u0651 <strong>\u201c\u0628\u064a\u0627\u0646\u0627\u062a\u0643\u0645 \u0627\u0644\u0634\u062e\u0635\u064a\u0629 \u0645\u062b\u0644 \u0627\u0644\u0627\u0633\u0645 \u0648\u0627\u0644\u0644\u0642\u0628 \u0648\u0631\u0642\u0645 \u0627\u0644\u0647\u0627\u062a\u0641 \u0648\u0627\u0644\u0628\u0631\u064a\u062f \u0627\u0644\u0625\u0644\u0643\u062a\u0631\u0648\u0646\u064a \u0648\u063a\u064a\u0631\u0647\u0627\u060c \u0648\u0627\u0644\u0631\u0633\u0627\u0626\u0644 \u0627\u0644\u062a\u064a \u062a\u0643\u062a\u0628\u0648\u0646\u0647\u0627 \u0641\u064a \u0627\u0644\u0646\u0645\u0648\u0630\u062c\u060c \u0648\u0625\u0646 \u0642\u0645\u062a\u0645 \u0628\u0627\u0644\u062a\u062d\u0645\u064a\u0644: \u0645\u0639\u0644\u0648\u0645\u0627\u062a\u0643\u0645 \u0648\u0645\u0644\u0641\u0627\u062a\u0643\u0645 \u0627\u0644\u0635\u062d\u064a\u0629 \u0630\u0627\u062a \u0627\u0644\u0637\u0628\u064a\u0639\u0629 \u0627\u0644\u062e\u0627\u0635\u0629\u201d<\/strong> \u0627\u0644\u062a\u064a \u062a\u0634\u0627\u0631\u0643\u0648\u0646\u0647\u0627 \u0639\u0628\u0631 \u0646\u0645\u0627\u0630\u062c \u0627\u0644\u0627\u062a\u0635\u0627\u0644 \u0641\u064a \u0645\u0648\u0642\u0639\u0646\u0627 \u0627\u0644\u0625\u0644\u0643\u062a\u0631\u0648\u0646\u064a\u061b \u062a\u062a\u0645 \u0645\u0639\u0627\u0644\u062c\u062a\u0647\u0627 \u0645\u0646 \u0642\u0628\u0644 \u0634\u0631\u0643\u062a\u0646\u0627 \u0645\u0646 \u0623\u062c\u0644 \u0627\u0644\u0642\u064a\u0627\u0645 \u0628\u0627\u0644\u0623\u0639\u0645\u0627\u0644 \u0627\u0644\u0644\u0627\u0632\u0645\u0629 \u0644\u062a\u0645\u0643\u064a\u0646\u0643\u0645 \u0645\u0646 \u0627\u0644\u0627\u0633\u062a\u0641\u0627\u062f\u0629 \u0645\u0646 \u062e\u062f\u0645\u0627\u062a \u0635\u062d\u0629 \u0627\u0644\u0641\u0645 \u0648\u0627\u0644\u0623\u0633\u0646\u0627\u0646 \u0627\u0644\u062a\u064a \u0646\u0642\u062f\u0645\u0647\u0627\u060c \u0648\u062a\u0633\u064a\u064a\u0631 \u0639\u0645\u0644\u064a\u0627\u062a \u0627\u0644\u0639\u0645\u0644 \u0630\u0627\u062a \u0627\u0644\u0635\u0644\u0629\u060c \u0648\u0643\u0630\u0644\u0643 \u0628\u063a\u0631\u0636 \u0627\u0644\u0631\u062f \u0628\u0634\u0623\u0646 \u0627\u0644\u0645\u0648\u0636\u0648\u0639 \u0627\u0644\u0630\u064a \u062a\u0642\u062f\u0645\u062a\u0645 \u0628\u0647\u060c \u0648\u0644\u062a\u0623\u0643\u064a\u062f \u0645\u0648\u0639\u062f\u0643\u0645 \u0625\u0646 \u0637\u0644\u0628\u062a\u0645 \u0630\u0644\u0643\u060c \u0648\u0644\u0625\u0645\u0643\u0627\u0646\u064a\u0629 \u0627\u0644\u062a\u0648\u0627\u0635\u0644 \u0645\u0639\u0643\u0645.<\/p>\n<p>\u062a\u064f\u0639\u0627\u0644\u064e\u062c \u0627\u0644\u0628\u064a\u0627\u0646\u0627\u062a \u0627\u0644\u0645\u0630\u0643\u0648\u0631\u0629 \u0628\u0627\u0644\u0627\u0639\u062a\u0645\u0627\u062f \u0639\u0644\u0649 \u0627\u0644\u0623\u0633\u0628\u0627\u0628 \u0627\u0644\u0642\u0627\u0646\u0648\u0646\u064a\u0629 \u0627\u0644\u0648\u0627\u0631\u062f\u0629 \u0641\u064a \u0627\u0644\u0645\u0627\u062f\u0629 5 \u0645\u0646 \u0627\u0644\u0642\u0627\u0646\u0648\u0646\u060c \u0648\u0647\u064a \u201c\u0643\u0648\u0646\u0647 \u0625\u0644\u0632\u0627\u0645\u064a\u0627\u064b \u0644\u062a\u0646\u0641\u064a\u0630 \u0627\u0644\u0627\u0644\u062a\u0632\u0627\u0645 \u0627\u0644\u0642\u0627\u0646\u0648\u0646\u064a \u0627\u0644\u0648\u0627\u0642\u0639 \u0639\u0644\u0649 \u0645\u0633\u0624\u0648\u0644 \u0627\u0644\u0628\u064a\u0627\u0646\u0627\u062a\u201d \u0648\u201c\u062a\u0646\u0641\u064a\u0630 \u062e\u062f\u0645\u0627\u062a \u0627\u0644\u0637\u0628 \u0627\u0644\u0648\u0642\u0627\u0626\u064a \u0623\u0648 \u0627\u0644\u062a\u0634\u062e\u064a\u0635 \u0627\u0644\u0637\u0628\u064a \u0623\u0648 \u0627\u0644\u0639\u0644\u0627\u062c \u0623\u0648 \u062e\u062f\u0645\u0627\u062a \u0627\u0644\u0631\u0639\u0627\u064a\u0629\u201d \u0648\u0641\u064a \u0627\u0644\u0625\u0637\u0627\u0631 \u0627\u0644\u0630\u064a \u064a\u062d\u062f\u062f\u0647 \u0627\u0644\u0642\u0627\u0646\u0648\u0646\u060c \u0648\u0628\u0634\u0643\u0644 \u0622\u0644\u064a \u0648\u0628\u0642\u062f\u0631\u064d \u0645\u062d\u062f\u0648\u062f \u0648\u0645\u062a\u0648\u0627\u0632\u0646 \u0628\u0645\u0627 \u064a\u062a\u0646\u0627\u0633\u0628 \u0645\u0639 \u063a\u0631\u0636 \u0627\u0644\u0625\u0631\u0633\u0627\u0644\u061b \u0643\u0645\u0627 \u064a\u0645\u0643\u0646 \u0646\u0642\u0644\u0647\u0627 \u0625\u0644\u0649 \u0627\u0644\u062c\u0647\u0627\u062a \u0627\u0644\u0642\u0636\u0627\u0626\u064a\u0629 \u0623\u0648 \u0642\u0648\u0627\u062a \u0625\u0646\u0641\u0627\u0630 \u0627\u0644\u0642\u0627\u0646\u0648\u0646 \u0627\u0644\u0645\u0639\u0646\u064a\u0629 \u0641\u064a \u062d\u0627\u0644 \u0648\u062c\u0648\u062f \u0646\u0632\u0627\u0639 \u0642\u0627\u0646\u0648\u0646\u064a \u0623\u0648 \u0639\u0646\u062f \u0627\u0644\u0637\u0644\u0628 \u0648\u0641\u0642\u0627\u064b \u0644\u0644\u062a\u0634\u0631\u064a\u0639\u0627\u062a \u0630\u0627\u062a \u0627\u0644\u0635\u0644\u0629.<\/p>\n<p>\u0641\u064a \u062d\u0627\u0644 \u0639\u062f\u0645 \u0627\u0633\u062a\u0641\u0627\u062f\u062a\u0643\u0645 \u0645\u0646 \u062e\u062f\u0645\u0627\u062a \u0635\u062d\u0629 \u0627\u0644\u0641\u0645 \u0648\u0627\u0644\u0623\u0633\u0646\u0627\u0646 \u0644\u062f\u064a\u0646\u0627\u060c \u0641\u0633\u064a\u062a\u0645 \u0627\u0644\u0627\u062d\u062a\u0641\u0627\u0638 \u0628\u0628\u064a\u0627\u0646\u0627\u062a\u0643\u0645 \u0627\u0644\u0634\u062e\u0635\u064a\u0629 \u0644\u0645\u062f\u0629 1 (\u0633\u0646\u0629) \u0648\u0641\u0642\u0627\u064b \u0644\u0644\u0623\u063a\u0631\u0627\u0636 \u0627\u0644\u0645\u0630\u0643\u0648\u0631\u0629 \u0623\u0639\u0644\u0627\u0647. \u0648\u0628\u0639\u062f \u0627\u0646\u0642\u0636\u0627\u0621 \u0627\u0644\u0645\u062f\u0629\u060c \u0633\u062a\u064f\u062d\u0630\u0641 \u0628\u064a\u0627\u0646\u0627\u062a\u0643\u0645 \u0627\u0644\u0634\u062e\u0635\u064a\u0629 \u0623\u0648 \u062a\u064f\u062a\u0644\u0641 \u0648\/\u0623\u0648 \u062a\u064f\u062d\u0648\u0651\u0644 \u0625\u0644\u0649 \u0628\u064a\u0627\u0646\u0627\u062a \u0645\u062c\u0647\u0648\u0644\u0629 \u0627\u0644\u0647\u0648\u064a\u0629 \u0645\u0646 \u0642\u0628\u0644 YKM \u0648\u0641\u0642\u0627\u064b \u0644\u0633\u064a\u0627\u0633\u0629 \u0645\u0639\u0627\u0644\u062c\u0629 \u0627\u0644\u0628\u064a\u0627\u0646\u0627\u062a \u0627\u0644\u0634\u062e\u0635\u064a\u0629 \u0648\u062d\u0645\u0627\u064a\u062a\u0647\u0627 \u0648\u062d\u0641\u0638\u0647\u0627 \u0648\u0625\u062a\u0644\u0627\u0641\u0647\u0627\u060c \u0623\u0648 \u0628\u0646\u0627\u0621\u064b \u0639\u0644\u0649 \u0637\u0644\u0628\u0643\u0645\u060c \u0648\u0628\u0627\u0644\u0637\u0631\u0642 \u0627\u0644\u0645\u0646\u0635\u0648\u0635 \u0639\u0644\u064a\u0647\u0627 \u0641\u064a \u0642\u0627\u0646\u0648\u0646 \u062d\u0645\u0627\u064a\u0629 \u0627\u0644\u0628\u064a\u0627\u0646\u0627\u062a \u0627\u0644\u0634\u062e\u0635\u064a\u0629 \u0648\u0627\u0644\u0644\u0648\u0627\u0626\u062d \u0630\u0627\u062a \u0627\u0644\u0635\u0644\u0629. <strong>\u0648\u0641\u064a \u062d\u0627\u0644 \u0627\u0633\u062a\u0641\u0627\u062f\u062a\u0643\u0645 \u0645\u0646 \u062e\u062f\u0645\u0627\u062a \u0635\u062d\u0629 \u0627\u0644\u0641\u0645 \u0648\u0627\u0644\u0623\u0633\u0646\u0627\u0646 \u0644\u062f\u064a\u0646\u0627 \u0641\u0625\u0646\u0646\u0627 \u0646\u0641\u064a \u0628\u0627\u0644\u062a\u0632\u0627\u0645 \u0627\u0644\u0625\u062e\u0637\u0627\u0631 \u0628\u0634\u0643\u0644 \u0645\u0646\u0641\u0635\u0644.<\/strong> (<em>https:\/\/www.ideadentalclinic.com\/kvkk<\/em>)<\/p>\n<p>\u0648\u0641\u0642\u0627\u064b \u0644\u0642\u0627\u0646\u0648\u0646 \u062d\u0645\u0627\u064a\u0629 \u0627\u0644\u0628\u064a\u0627\u0646\u0627\u062a \u0627\u0644\u0634\u062e\u0635\u064a\u0629\u060c \u064a\u062a\u0639\u064a\u0646 \u0639\u0644\u064a\u0643\u0645 \u062a\u0642\u062f\u064a\u0645 \u0637\u0644\u0628\u0643\u0645 \u0627\u0644\u0645\u062a\u0639\u0644\u0642 \u0628\u0645\u0645\u0627\u0631\u0633\u0629 \u062d\u0642\u0648\u0642\u0643\u0645 \u0627\u0644\u0645\u0630\u0643\u0648\u0631\u0629 \u0623\u0639\u0644\u0627\u0647 \u0625\u0644\u0649 \u0634\u0631\u0643\u062a\u0646\u0627 \u0643\u062a\u0627\u0628\u064a\u0627\u064b. \u0648\u0644\u0645\u0645\u0627\u0631\u0633\u0629 \u062d\u0642\u0648\u0642\u0643\u0645 \u0627\u0644\u0645\u0630\u0643\u0648\u0631\u0629 \u0623\u0639\u0644\u0627\u0647\u060c \u064a\u0631\u062c\u0649 \u062a\u0636\u0645\u064a\u0646 \u0627\u0644\u0645\u0639\u0644\u0648\u0645\u0627\u062a \u0627\u0644\u0644\u0627\u0632\u0645\u0629 \u0644\u062a\u062d\u062f\u064a\u062f \u0647\u0648\u064a\u062a\u0643\u0645\u060c \u0648\u0628\u064a\u0627\u0646\u0627\u062a\u0643\u0645 \u0627\u0644\u062a\u0648\u0636\u064a\u062d\u064a\u0629 \u0627\u0644\u0645\u062a\u0639\u0644\u0642\u0629 \u0628\u0627\u0644\u062d\u0642 \u0627\u0644\u0630\u064a \u062a\u0637\u0644\u0628\u0648\u0646 \u0645\u0645\u0627\u0631\u0633\u062a\u0647 \u0645\u0646 \u0627\u0644\u062d\u0642\u0648\u0642 \u0627\u0644\u0648\u0627\u0631\u062f\u0629 \u0641\u064a \u0627\u0644\u0645\u0627\u062f\u0629 11 \u0645\u0646 \u0642\u0627\u0646\u0648\u0646 \u062d\u0645\u0627\u064a\u0629 \u0627\u0644\u0628\u064a\u0627\u0646\u0627\u062a \u0627\u0644\u0634\u062e\u0635\u064a\u0629\u061b \u0648\u0630\u0644\u0643 \u0639\u0628\u0631 \u062a\u0639\u0628\u0626\u0629 \u0646\u0645\u0648\u0630\u062c \u0637\u0644\u0628 \u062d\u0642\u0648\u0642 \u0627\u0644\u0628\u064a\u0627\u0646\u0627\u062a \u0627\u0644\u0634\u062e\u0635\u064a\u0629 YKM.F.15\/04 \u0627\u0644\u0645\u062a\u0648\u0641\u0631 \u0639\u0644\u0649 \u0645\u0648\u0642\u0639 \u0627\u0644\u0634\u0631\u0643\u0629 (\u0648\u064a\u0645\u0643\u0646 \u0623\u064a\u0636\u0627\u064b \u0627\u0644\u062d\u0635\u0648\u0644 \u0639\u0644\u064a\u0647 \u0645\u0646 \u0648\u062d\u062f\u0629 \u062d\u0642\u0648\u0642 \u0627\u0644\u0645\u0631\u0636\u0649 \u0644\u062f\u064a\u0646\u0627) (<em>https:\/\/www.ideadentalclinic.com\/kvkk<\/em>)\u060c \u062b\u0645 \u062a\u0633\u0644\u064a\u0645\u0647 \u0644\u0634\u0631\u0643\u062a\u0646\u0627 \u0643\u0645\u0627 \u0647\u0648 \u0645\u0628\u064a\u0651\u0646 \u0641\u064a \u0627\u0644\u0646\u0645\u0648\u0630\u062c\u060c \u0623\u0648 \u064a\u0645\u0643\u0646\u0643\u0645 \u0643\u0630\u0644\u0643 \u0625\u0631\u0633\u0627\u0644\u0647 \u0639\u0628\u0631 \u0627\u0644\u0628\u0631\u064a\u062f \u0627\u0644\u0625\u0644\u0643\u062a\u0631\u0648\u0646\u064a.<\/p>\n<h2><em>\u0645\u0639\u0644\u0648\u0645\u0627\u062a \u0627\u0644\u0627\u062a\u0635\u0627\u0644<\/em><\/h2>\n<p><strong>\u0631\u0627\u0628\u0637 \u0627\u0644\u062a\u0648\u0627\u0635\u0644<\/strong>: https:\/\/www.ideadentalclinic.com\/iletisim\/<\/p>\n<p><strong>\u0627\u0644\u0639\u0646\u0648\u0627\u0646:<\/strong> Top\u00e7ular Mah, Rami K\u0131\u015fla Cd. No:40 D:44D, 34055 Ey\u00fcpsultan\/\u0130stanbul<\/p>\n<p><strong>\u0639\u0646\u0648\u0627\u0646 KEP \u0627\u0644\u062e\u0627\u0635 \u0628\u0646\u0627: ykmsaglik@hs06.kep.tr<\/strong><\/p>\n<p><strong>\u0627\u0644\u0647\u0627\u062a\u0641:<\/strong> <strong>(0212) 302 50 70<\/strong><\/p>\n","protected":false},"excerpt":{"rendered":"<p>\u0625\u0646\u0651 \u0646\u0635 \u0627\u0644\u0625\u064a\u0636\u0627\u062d \u0647\u0630\u0627\u060c \u0642\u062f \u0623\u064f\u0639\u0650\u062f\u0651 \u0628\u0645\u0648\u062c\u0628 \u0627\u0644\u0645\u0627\u062f\u0629 10 \u0645\u0646 \u0642\u0627\u0646\u0648\u0646 \u062d\u0645\u0627\u064a\u0629 \u0627\u0644\u0628\u064a\u0627\u0646\u0627\u062a \u0627\u0644\u0634\u062e\u0635\u064a\u0629 \u0631\u0642\u0645 6698 \u0648\u0628\u0645\u0648\u062c\u0628 \u0627\u0644\u062a\u0628\u0644\u064a\u063a \u0627\u0644\u062e\u0627\u0635 \u0628\u0627\u0644\u0625\u062c\u0631\u0627\u0621\u0627\u062a \u0648\u0627\u0644\u0623\u0633\u0633 \u0627\u0644\u0648\u0627\u062c\u0628 \u0627\u062a\u0628\u0627\u0639\u0647\u0627 \u0641\u064a \u0627\u0644\u0648\u0641\u0627\u0621 \u0628\u0627\u0644\u062a\u0632\u0627\u0645 \u0627\u0644\u0625\u062e\u0637\u0627\u0631\u060c \u0645\u0646 \u0642\u0628\u0644 YKM SA\u011eLIK H\u0130ZMETLER\u0130 L\u0130M\u0130TED \u015e\u0130RKET\u0130 (\u0130DEA A\u011eIZ VE D\u0130\u015e SA\u011eLI\u011eI POL\u0130KL\u0130N\u0130\u011e\u0130) \u0628\u0635\u0641\u062a\u0647 \u0645\u0633\u0624\u0648\u0644 \u0627\u0644\u0628\u064a\u0627\u0646\u0627\u062a (\u0648\u0633\u064a\u064f\u0634\u0627\u0631 \u0625\u0644\u064a\u0647 \u0641\u064a\u0645\u0627 \u0628\u0639\u062f \u0628\u0627\u0633\u0645 YKM)\u060c \u0648\u0630\u0644\u0643 \u0644\u0644\u0648\u0641\u0627\u0621 \u0628\u0627\u0644\u062a\u0632\u0627\u0645 \u0627\u0644\u0625\u062e\u0637\u0627\u0631 \u0627\u0644\u0645\u062a\u0639\u0644\u0642 \u0628\u0627\u0633\u062a\u062e\u062f\u0627\u0645 [&hellip;]<\/p>\n","protected":false},"author":1,"featured_media":0,"parent":0,"menu_order":0,"comment_status":"closed","ping_status":"closed","template":"","meta":{"footnotes":""},"class_list":["post-1705","page","type-page","status-publish","hentry"],"_links":{"self":[{"href":"https:\/\/www.ideadentalclinic.com\/ar\/wp-json\/wp\/v2\/pages\/1705","targetHints":{"allow":["GET"]}}],"collection":[{"href":"https:\/\/www.ideadentalclinic.com\/ar\/wp-json\/wp\/v2\/pages"}],"about":[{"href":"https:\/\/www.ideadentalclinic.com\/ar\/wp-json\/wp\/v2\/types\/page"}],"author":[{"embeddable":true,"href":"https:\/\/www.ideadentalclinic.com\/ar\/wp-json\/wp\/v2\/users\/1"}],"replies":[{"embeddable":true,"href":"https:\/\/www.ideadentalclinic.com\/ar\/wp-json\/wp\/v2\/comments?post=1705"}],"version-history":[{"count":3,"href":"https:\/\/www.ideadentalclinic.com\/ar\/wp-json\/wp\/v2\/pages\/1705\/revisions"}],"predecessor-version":[{"id":1708,"href":"https:\/\/www.ideadentalclinic.com\/ar\/wp-json\/wp\/v2\/pages\/1705\/revisions\/1708"}],"wp:attachment":[{"href":"https:\/\/www.ideadentalclinic.com\/ar\/wp-json\/wp\/v2\/media?parent=1705"}],"curies":[{"name":"wp","href":"https:\/\/api.w.org\/{rel}","templated":true}]}}