{"id":1709,"date":"2026-02-24T14:10:19","date_gmt":"2026-02-24T11:10:19","guid":{"rendered":"https:\/\/www.ideadentalclinic.com\/web-sitesi-iletisim-formu-aydinlatma-metni\/"},"modified":"2026-02-24T14:19:51","modified_gmt":"2026-02-24T11:19:51","slug":"%d0%b8%d0%bd%d1%84%d0%be%d1%80%d0%bc%d0%b0%d1%86%d0%b8%d0%be%d0%bd%d0%b5%d0%bd-%d1%82%d0%b5%d0%ba%d1%81%d1%82-%d0%bd%d0%b0-%d1%84%d0%be%d1%80%d0%bc%d0%b0%d1%82%d0%b0-%d0%b7%d0%b0-%d0%ba%d0%be%d0%bd","status":"publish","type":"page","link":"https:\/\/www.ideadentalclinic.com\/bg\/%d0%b8%d0%bd%d1%84%d0%be%d1%80%d0%bc%d0%b0%d1%86%d0%b8%d0%be%d0%bd%d0%b5%d0%bd-%d1%82%d0%b5%d0%ba%d1%81%d1%82-%d0%bd%d0%b0-%d1%84%d0%be%d1%80%d0%bc%d0%b0%d1%82%d0%b0-%d0%b7%d0%b0-%d0%ba%d0%be%d0%bd\/","title":{"rendered":"\u0418\u041d\u0424\u041e\u0420\u041c\u0410\u0426\u0418\u041e\u041d\u0415\u041d \u0422\u0415\u041a\u0421\u0422 \u041d\u0410 \u0424\u041e\u0420\u041c\u0410\u0422\u0410 \u0417\u0410 \u041a\u041e\u041d\u0422\u0410\u041a\u0422 \u0421 \u0423\u0415\u0411\u0421\u0410\u0419\u0422\u0410"},"content":{"rendered":"<p>\u041d\u0430\u0441\u0442\u043e\u044f\u0449\u0438\u044f\u0442 \u0442\u0435\u043a\u0441\u0442 \u0437\u0430 \u0438\u043d\u0444\u043e\u0440\u043c\u0438\u0440\u0430\u043d\u0435 \u0435 \u0438\u0437\u0433\u043e\u0442\u0432\u0435\u043d \u0441 \u0446\u0435\u043b \u0438\u0437\u043f\u044a\u043b\u043d\u0435\u043d\u0438\u0435 \u043d\u0430 \u0437\u0430\u0434\u044a\u043b\u0436\u0435\u043d\u0438\u0435\u0442\u043e \u0437\u0430 \u0438\u043d\u0444\u043e\u0440\u043c\u0438\u0440\u0430\u043d\u0435 \u0432\u044a\u0432 \u0432\u0440\u044a\u0437\u043a\u0430 \u0441 \u0438\u0437\u043f\u043e\u043b\u0437\u0432\u0430\u043d\u0435\u0442\u043e \u043d\u0430 \u043a\u043e\u043d\u0442\u0430\u043a\u0442\u043d\u0430\u0442\u0430 \u0444\u043e\u0440\u043c\u0430 \u043d\u0430 \u043d\u0430\u0448\u0438\u044f \u0443\u0435\u0431\u0441\u0430\u0439\u0442, \u0432 \u0441\u044a\u043e\u0442\u0432\u0435\u0442\u0441\u0442\u0432\u0438\u0435 \u0441 \u0447\u043b. 10 \u043e\u0442 \u0417\u0430\u043a\u043e\u043d \u2116 6698 \u0437\u0430 \u0437\u0430\u0449\u0438\u0442\u0430 \u043d\u0430 \u043b\u0438\u0447\u043d\u0438\u0442\u0435 \u0434\u0430\u043d\u043d\u0438 \u0438 \u0421\u044a\u043e\u0431\u0449\u0435\u043d\u0438\u0435\u0442\u043e \u043e\u0442\u043d\u043e\u0441\u043d\u043e \u043f\u0440\u043e\u0446\u0435\u0434\u0443\u0440\u0438\u0442\u0435 \u0438 \u043f\u0440\u0438\u043d\u0446\u0438\u043f\u0438\u0442\u0435, \u043a\u043e\u0438\u0442\u043e \u0441\u043b\u0435\u0434\u0432\u0430 \u0434\u0430 \u0441\u0435 \u0441\u043f\u0430\u0437\u0432\u0430\u0442 \u043f\u0440\u0438 \u0438\u0437\u043f\u044a\u043b\u043d\u0435\u043d\u0438\u0435 \u043d\u0430 \u0437\u0430\u0434\u044a\u043b\u0436\u0435\u043d\u0438\u0435\u0442\u043e \u0437\u0430 \u0438\u043d\u0444\u043e\u0440\u043c\u0438\u0440\u0430\u043d\u0435, \u043e\u0442 <strong>YKM SA\u011eLIK H\u0130ZMETLER\u0130 L\u0130M\u0130TED \u015e\u0130RKET\u0130 (\u0130DEA A\u011eIZ VE D\u0130\u015e SA\u011eLI\u011eI POL\u0130KL\u0130N\u0130\u011e\u0130)<\/strong> \u0432 \u043a\u0430\u0447\u0435\u0441\u0442\u0432\u043e\u0442\u043e \u045d \u043d\u0430 \u0430\u0434\u043c\u0438\u043d\u0438\u0441\u0442\u0440\u0430\u0442\u043e\u0440 \u043d\u0430 \u0434\u0430\u043d\u043d\u0438 (\u043d\u0430\u0440\u0438\u0447\u0430\u043d\u0430 \u043f\u043e-\u0434\u043e\u043b\u0443 <strong>YKM<\/strong>).<\/p>\n<p>\u041b\u0438\u0447\u043d\u0438\u0442\u0435 \u0432\u0438 \u0434\u0430\u043d\u043d\u0438, \u043a\u043e\u0438\u0442\u043e \u0441\u043f\u043e\u0434\u0435\u043b\u044f\u0442\u0435 \u0447\u0440\u0435\u0437 \u043a\u043e\u043d\u0442\u0430\u043a\u0442\u043d\u0438\u0442\u0435 \u0444\u043e\u0440\u043c\u0438 \u043d\u0430 \u043d\u0430\u0448\u0438\u044f \u0443\u0435\u0431\u0441\u0430\u0439\u0442 \u2013 <strong>\u201e\u0438\u043c\u0435, \u0444\u0430\u043c\u0438\u043b\u0438\u044f, \u0442\u0435\u043b\u0435\u0444\u043e\u043d, \u0438\u043c\u0435\u0439\u043b \u0438 \u0434\u0440. \u043b\u0438\u0447\u043d\u0438 \u0434\u0430\u043d\u043d\u0438, \u0441\u044a\u043e\u0431\u0449\u0435\u043d\u0438\u044f\u0442\u0430, \u043a\u043e\u0438\u0442\u043e \u043f\u0438\u0448\u0435\u0442\u0435 \u0432\u044a\u0432 \u0444\u043e\u0440\u043c\u0430\u0442\u0430, \u0438 \u0430\u043a\u043e \u0441\u0442\u0435 \u043a\u0430\u0447\u0438\u043b\u0438 \u2013 \u0441\u043f\u0435\u0446\u0438\u0430\u043b\u043d\u0438 \u043a\u0430\u0442\u0435\u0433\u043e\u0440\u0438\u0438 \u0437\u0434\u0440\u0430\u0432\u043d\u0430 \u0438\u043d\u0444\u043e\u0440\u043c\u0430\u0446\u0438\u044f \u0438 \u0444\u0430\u0439\u043b\u043e\u0432\u0435\u201c<\/strong> \u2013 \u0441\u0435 \u043e\u0431\u0440\u0430\u0431\u043e\u0442\u0432\u0430\u0442 \u043e\u0442 \u043d\u0430\u0448\u0430\u0442\u0430 \u043a\u043e\u043c\u043f\u0430\u043d\u0438\u044f \u0441 \u0446\u0435\u043b \u0438\u0437\u0432\u044a\u0440\u0448\u0432\u0430\u043d\u0435 \u043d\u0430 \u043d\u0435\u043e\u0431\u0445\u043e\u0434\u0438\u043c\u0438\u0442\u0435 \u0434\u0435\u0439\u043d\u043e\u0441\u0442\u0438, \u0437\u0430 \u0434\u0430 \u043c\u043e\u0436\u0435\u0442\u0435 \u0434\u0430 \u0441\u0435 \u0432\u044a\u0437\u043f\u043e\u043b\u0437\u0432\u0430\u0442\u0435 \u043e\u0442 \u043f\u0440\u0435\u0434\u043e\u0441\u0442\u0430\u0432\u044f\u043d\u0438\u0442\u0435 \u043e\u0442 \u043d\u0430\u0441 \u0443\u0441\u043b\u0443\u0433\u0438 \u043f\u043e \u043e\u0440\u0430\u043b\u043d\u043e \u0438 \u0434\u0435\u043d\u0442\u0430\u043b\u043d\u043e \u0437\u0434\u0440\u0430\u0432\u0435, \u0437\u0430 \u0438\u0437\u043f\u044a\u043b\u043d\u0435\u043d\u0438\u0435 \u043d\u0430 \u0441\u0432\u044a\u0440\u0437\u0430\u043d\u0438\u0442\u0435 \u0431\u0438\u0437\u043d\u0435\u0441 \u043f\u0440\u043e\u0446\u0435\u0441\u0438, \u043a\u0430\u043a\u0442\u043e \u0438 \u0441 \u0446\u0435\u043b \u0434\u0430 \u0432\u0438 \u043f\u0440\u0435\u0434\u043e\u0441\u0442\u0430\u0432\u0438\u043c \u0438\u043d\u0444\u043e\u0440\u043c\u0430\u0446\u0438\u044f \u043f\u043e \u0442\u0435\u043c\u0430\u0442\u0430, \u043f\u043e \u043a\u043e\u044f\u0442\u043e \u0441\u0442\u0435 \u043f\u043e\u0434\u0430\u043b\u0438 \u0437\u0430\u043f\u0438\u0442\u0432\u0430\u043d\u0435, \u0438 \u0430\u043a\u043e \u0441\u0442\u0435 \u043f\u043e\u0438\u0441\u043a\u0430\u043b\u0438 \u2013 \u0434\u0430 \u043f\u043e\u0442\u0432\u044a\u0440\u0434\u0438\u043c \u0447\u0430\u0441\u0430\/\u0437\u0430\u043f\u0438\u0441\u0430\u043d\u0438\u044f \u0432\u0438 \u0447\u0430\u0441 \u0438 \u0434\u0430 \u043e\u0441\u044a\u0449\u0435\u0441\u0442\u0432\u0438\u043c \u043a\u043e\u043d\u0442\u0430\u043a\u0442 \u0441 \u0432\u0430\u0441.<\/p>\n<p>\u041f\u043e\u0441\u043e\u0447\u0435\u043d\u0438\u0442\u0435 \u0434\u0430\u043d\u043d\u0438 \u0441\u0435 \u043e\u0431\u0440\u0430\u0431\u043e\u0442\u0432\u0430\u0442 \u043f\u043e \u0430\u0432\u0442\u043e\u043c\u0430\u0442\u0438\u0437\u0438\u0440\u0430\u043d \u043d\u0430\u0447\u0438\u043d, \u043e\u0433\u0440\u0430\u043d\u0438\u0447\u0435\u043d\u043e \u0438 \u043f\u0440\u043e\u043f\u043e\u0440\u0446\u0438\u043e\u043d\u0430\u043b\u043d\u043e \u043d\u0430 \u0446\u0435\u043b\u0442\u0430 \u043d\u0430 \u0438\u0437\u043f\u0440\u0430\u0449\u0430\u043d\u0435, \u0432 \u0440\u0430\u043c\u043a\u0438\u0442\u0435, \u043f\u0440\u0435\u0434\u0432\u0438\u0434\u0435\u043d\u0438 \u043e\u0442 \u0417\u0430\u043a\u043e\u043d\u0430, \u0432\u044a\u0437 \u043e\u0441\u043d\u043e\u0432\u0430 \u043d\u0430 \u043f\u0440\u0430\u0432\u043d\u0438\u0442\u0435 \u043e\u0441\u043d\u043e\u0432\u0430\u043d\u0438\u044f \u043f\u043e \u0447\u043b. 5 \u043e\u0442 \u0417\u0430\u043a\u043e\u043d\u0430: \u201e\u043d\u0435\u043e\u0431\u0445\u043e\u0434\u0438\u043c\u043e\u0441\u0442 \u0437\u0430 \u0438\u0437\u043f\u044a\u043b\u043d\u0435\u043d\u0438\u0435 \u043d\u0430 \u043f\u0440\u0430\u0432\u043d\u043e \u0437\u0430\u0434\u044a\u043b\u0436\u0435\u043d\u0438\u0435 \u043d\u0430 \u0430\u0434\u043c\u0438\u043d\u0438\u0441\u0442\u0440\u0430\u0442\u043e\u0440\u0430 \u043d\u0430 \u0434\u0430\u043d\u043d\u0438\u201c \u0438 \u201e\u0438\u0437\u0432\u044a\u0440\u0448\u0432\u0430\u043d\u0435 \u043d\u0430 \u0434\u0435\u0439\u043d\u043e\u0441\u0442\u0438 \u043f\u043e \u043f\u0440\u0435\u0432\u0430\u043d\u0442\u0438\u0432\u043d\u0430 \u043c\u0435\u0434\u0438\u0446\u0438\u043d\u0430, \u043c\u0435\u0434\u0438\u0446\u0438\u043d\u0441\u043a\u0430 \u0434\u0438\u0430\u0433\u043d\u043e\u0441\u0442\u0438\u043a\u0430, \u043b\u0435\u0447\u0435\u043d\u0438\u0435 \u0438 \u0433\u0440\u0438\u0436\u0438\u201c. \u0412 \u0441\u043b\u0443\u0447\u0430\u0439 \u043d\u0430 \u043f\u0440\u0430\u0432\u043d\u0438 \u0441\u043f\u043e\u0440\u043e\u0432\u0435 \u0438\u043b\u0438 \u043f\u0440\u0438 \u0438\u0441\u043a\u0430\u043d\u0435 \u0441\u044a\u0433\u043b\u0430\u0441\u043d\u043e \u043f\u0440\u0438\u043b\u043e\u0436\u0438\u043c\u043e\u0442\u043e \u0437\u0430\u043a\u043e\u043d\u043e\u0434\u0430\u0442\u0435\u043b\u0441\u0442\u0432\u043e, \u0434\u0430\u043d\u043d\u0438\u0442\u0435 \u043c\u043e\u0433\u0430\u0442 \u0434\u0430 \u0431\u044a\u0434\u0430\u0442 \u043f\u0440\u0435\u0434\u043e\u0441\u0442\u0430\u0432\u0435\u043d\u0438 \u043d\u0430 \u0441\u044a\u0434\u0435\u0431\u043d\u0438\u0442\u0435 \u043e\u0440\u0433\u0430\u043d\u0438 \u0438\u043b\u0438 \u043d\u0430 \u0441\u044a\u043e\u0442\u0432\u0435\u0442\u043d\u0438\u0442\u0435 \u043f\u0440\u0430\u0432\u043e\u043e\u0445\u0440\u0430\u043d\u0438\u0442\u0435\u043b\u043d\u0438 \u043e\u0440\u0433\u0430\u043d\u0438.<\/p>\n<p>\u0412 \u0441\u043b\u0443\u0447\u0430\u0439 \u0447\u0435 <strong>\u043d\u0435<\/strong> \u0441\u0435 \u0432\u044a\u0437\u043f\u043e\u043b\u0437\u0432\u0430\u0442\u0435 \u043e\u0442 \u043d\u0430\u0448\u0438\u0442\u0435 \u0443\u0441\u043b\u0443\u0433\u0438 \u043f\u043e \u043e\u0440\u0430\u043b\u043d\u043e \u0438 \u0434\u0435\u043d\u0442\u0430\u043b\u043d\u043e \u0437\u0434\u0440\u0430\u0432\u0435, \u043b\u0438\u0447\u043d\u0438\u0442\u0435 \u0432\u0438 \u0434\u0430\u043d\u043d\u0438 \u0449\u0435 \u0431\u044a\u0434\u0430\u0442 \u0441\u044a\u0445\u0440\u0430\u043d\u044f\u0432\u0430\u043d\u0438 \u0437\u0430 \u0441\u0440\u043e\u043a \u043e\u0442 1 (\u0435\u0434\u043d\u0430) \u0433\u043e\u0434\u0438\u043d\u0430 \u0437\u0430 \u0433\u043e\u0440\u0435\u043f\u043e\u0441\u043e\u0447\u0435\u043d\u0438\u0442\u0435 \u0446\u0435\u043b\u0438. \u0421\u043b\u0435\u0434 \u0438\u0437\u0442\u0438\u0447\u0430\u043d\u0435 \u043d\u0430 \u0441\u0440\u043e\u043a\u0430 \u043b\u0438\u0447\u043d\u0438\u0442\u0435 \u0432\u0438 \u0434\u0430\u043d\u043d\u0438 \u0449\u0435 \u0431\u044a\u0434\u0430\u0442 \u0438\u0437\u0442\u0440\u0438\u0442\u0438, \u0443\u043d\u0438\u0449\u043e\u0436\u0435\u043d\u0438 \u0438\/\u0438\u043b\u0438 \u0430\u043d\u043e\u043d\u0438\u043c\u0438\u0437\u0438\u0440\u0430\u043d\u0438 \u043e\u0442 YKM \u0432 \u0441\u044a\u043e\u0442\u0432\u0435\u0442\u0441\u0442\u0432\u0438\u0435 \u0441 \u043f\u043e\u043b\u0438\u0442\u0438\u043a\u0430\u0442\u0430 \u0437\u0430 \u043e\u0431\u0440\u0430\u0431\u043e\u0442\u0432\u0430\u043d\u0435, \u0437\u0430\u0449\u0438\u0442\u0430, \u0441\u044a\u0445\u0440\u0430\u043d\u0435\u043d\u0438\u0435 \u0438 \u0443\u043d\u0438\u0449\u043e\u0436\u0430\u0432\u0430\u043d\u0435 \u043d\u0430 \u043b\u0438\u0447\u043d\u0438 \u0434\u0430\u043d\u043d\u0438 \u0438\u043b\u0438 \u043f\u043e \u0432\u0430\u0448\u0435 \u0438\u0441\u043a\u0430\u043d\u0435, \u0447\u0440\u0435\u0437 \u043c\u0435\u0442\u043e\u0434\u0438\u0442\u0435, \u043f\u0440\u0435\u0434\u0432\u0438\u0434\u0435\u043d\u0438 \u0432 \u0417\u0430\u043a\u043e\u043d\u0430 \u0437\u0430 \u0437\u0430\u0449\u0438\u0442\u0430 \u043d\u0430 \u043b\u0438\u0447\u043d\u0438\u0442\u0435 \u0434\u0430\u043d\u043d\u0438 \u0438 \u0441\u044a\u043e\u0442\u0432\u0435\u0442\u043d\u0438\u0442\u0435 \u043f\u043e\u0434\u0437\u0430\u043a\u043e\u043d\u043e\u0432\u0438 \u0430\u043a\u0442\u043e\u0432\u0435. <strong>\u0412 \u0441\u043b\u0443\u0447\u0430\u0439 \u0447\u0435 \u0441\u0435 \u0432\u044a\u0437\u043f\u043e\u043b\u0437\u0432\u0430\u0442\u0435 \u043e\u0442 \u043d\u0430\u0448\u0438\u0442\u0435 \u0443\u0441\u043b\u0443\u0433\u0438 \u043f\u043e \u043e\u0440\u0430\u043b\u043d\u043e \u0438 \u0434\u0435\u043d\u0442\u0430\u043b\u043d\u043e \u0437\u0434\u0440\u0430\u0432\u0435, \u043d\u0438\u0435 \u0438\u0437\u043f\u044a\u043b\u043d\u044f\u0432\u0430\u043c\u0435 \u0437\u0430\u0434\u044a\u043b\u0436\u0435\u043d\u0438\u0435\u0442\u043e \u0437\u0430 \u0438\u043d\u0444\u043e\u0440\u043c\u0438\u0440\u0430\u043d\u0435 \u0434\u043e\u043f\u044a\u043b\u043d\u0438\u0442\u0435\u043b\u043d\u043e.<\/strong> (<em>https:\/\/www.ideadentalclinic.com\/kvkk<\/em>)<\/p>\n<p>\u0421\u044a\u0433\u043b\u0430\u0441\u043d\u043e \u0417\u0430\u043a\u043e\u043d\u0430 \u0437\u0430 \u0437\u0430\u0449\u0438\u0442\u0430 \u043d\u0430 \u043b\u0438\u0447\u043d\u0438\u0442\u0435 \u0434\u0430\u043d\u043d\u0438, \u0437\u0430 \u0434\u0430 \u0443\u043f\u0440\u0430\u0436\u043d\u0438\u0442\u0435 \u043f\u043e\u0441\u043e\u0447\u0435\u043d\u0438\u0442\u0435 \u043f\u043e-\u0433\u043e\u0440\u0435 \u043f\u0440\u0430\u0432\u0430, \u0435 \u043d\u0435\u043e\u0431\u0445\u043e\u0434\u0438\u043c\u043e \u0434\u0430 \u043f\u043e\u0434\u0430\u0434\u0435\u0442\u0435 \u0438\u0441\u043a\u0430\u043d\u0435\u0442\u043e \u0441\u0438 \u043f\u0438\u0441\u043c\u0435\u043d\u043e \u0434\u043e \u043d\u0430\u0448\u0430\u0442\u0430 \u043a\u043e\u043c\u043f\u0430\u043d\u0438\u044f. \u0417\u0430 \u0434\u0430 \u0443\u043f\u0440\u0430\u0436\u043d\u0438\u0442\u0435 \u043f\u0440\u0430\u0432\u0430\u0442\u0430 \u0441\u0438, \u0441\u043b\u0435\u0434\u0432\u0430 \u0434\u0430 \u043f\u043e\u0434\u0430\u0434\u0435\u0442\u0435 \u0438\u0441\u043a\u0430\u043d\u0435, \u0441\u044a\u0434\u044a\u0440\u0436\u0430\u0449\u043e \u043d\u0435\u043e\u0431\u0445\u043e\u0434\u0438\u043c\u0438\u0442\u0435 \u0434\u0430\u043d\u043d\u0438 \u0437\u0430 \u0443\u0441\u0442\u0430\u043d\u043e\u0432\u044f\u0432\u0430\u043d\u0435 \u043d\u0430 \u0441\u0430\u043c\u043e\u043b\u0438\u0447\u043d\u043e\u0441\u0442\u0442\u0430 \u0432\u0438, \u043a\u0430\u043a\u0442\u043e \u0438 \u043e\u0431\u044f\u0441\u043d\u0435\u043d\u0438\u044f \u043e\u0442\u043d\u043e\u0441\u043d\u043e \u043f\u0440\u0430\u0432\u043e\u0442\u043e, \u043a\u043e\u0435\u0442\u043e \u0436\u0435\u043b\u0430\u0435\u0442\u0435 \u0434\u0430 \u0443\u043f\u0440\u0430\u0436\u043d\u0438\u0442\u0435 \u0441\u0440\u0435\u0434 \u043f\u043e\u0441\u043e\u0447\u0435\u043d\u0438\u0442\u0435 \u0432 \u0447\u043b. 11 \u043e\u0442 \u0417\u0430\u043a\u043e\u043d\u0430; \u043a\u0430\u0442\u043e \u043f\u043e\u043f\u044a\u043b\u043d\u0438\u0442\u0435 \u0444\u043e\u0440\u043c\u0443\u043b\u044f\u0440\u0430 \u0437\u0430 \u0437\u0430\u044f\u0432\u043b\u0435\u043d\u0438\u0435 \u043f\u043e \u0417\u0417\u041b\u0414 YKM.F.15\/04, \u043a\u043e\u0439\u0442\u043e \u0441\u0435 \u043d\u0430\u043c\u0438\u0440\u0430 \u043d\u0430 \u0438\u043d\u0442\u0435\u0440\u043d\u0435\u0442 \u0430\u0434\u0440\u0435\u0441\u0430 \u043d\u0430 \u043a\u043e\u043c\u043f\u0430\u043d\u0438\u044f\u0442\u0430 \u0438 \u043c\u043e\u0436\u0435 \u0434\u0430 \u0431\u044a\u0434\u0435 \u043f\u043e\u043b\u0443\u0447\u0435\u043d \u0438 \u043e\u0442 \u043d\u0430\u0448\u0435\u0442\u043e \u0437\u0432\u0435\u043d\u043e \u0437\u0430 \u043f\u0440\u0430\u0432\u0430 \u043d\u0430 \u043f\u0430\u0446\u0438\u0435\u043d\u0442\u0438\u0442\u0435 (<em>https:\/\/www.ideadentalclinic.com\/kvkk<\/em>), \u0438 \u0434\u0430 \u0433\u043e \u043f\u0440\u0435\u0434\u043e\u0441\u0442\u0430\u0432\u0438\u0442\u0435 \u043d\u0430 \u043d\u0430\u0448\u0430\u0442\u0430 \u043a\u043e\u043c\u043f\u0430\u043d\u0438\u044f \u043f\u043e \u043d\u0430\u0447\u0438\u043d\u0430, \u043f\u043e\u0441\u043e\u0447\u0435\u043d \u0432\u044a\u0432 \u0444\u043e\u0440\u043c\u0443\u043b\u044f\u0440\u0430, \u0438\u043b\u0438 \u0434\u0430 \u0433\u043e \u0438\u0437\u043f\u0440\u0430\u0442\u0438\u0442\u0435 \u0438 \u043f\u043e \u0435\u043b\u0435\u043a\u0442\u0440\u043e\u043d\u043d\u0430 \u043f\u043e\u0449\u0430.<\/p>\n<h2><em>\u0414\u0410\u041d\u041d\u0418 \u0417\u0410 \u041a\u041e\u041d\u0422\u0410\u041a\u0422<\/em><\/h2>\n<p><strong>\u041b\u0438\u043d\u043a \u0437\u0430 \u043a\u043e\u043d\u0442\u0430\u043a\u0442<\/strong>: https:\/\/www.ideadentalclinic.com\/iletisim\/<\/p>\n<p><strong>\u0410\u0434\u0440\u0435\u0441:<\/strong> Top\u00e7ular Mah, Rami K\u0131\u015fla Cd. No:40 D:44D, 34055 Ey\u00fcpsultan\/\u0130stanbul<\/p>\n<p><strong>\u041d\u0430\u0448\u0438\u044f\u0442 KEP \u0430\u0434\u0440\u0435\u0441: ykmsaglik@hs06.kep.tr<\/strong><\/p>\n<p><strong>\u0422\u0435\u043b\u0435\u0444\u043e\u043d:<\/strong> <strong>(0212) 302 50 70<\/strong><\/p>\n","protected":false},"excerpt":{"rendered":"<p>\u041d\u0430\u0441\u0442\u043e\u044f\u0449\u0438\u044f\u0442 \u0442\u0435\u043a\u0441\u0442 \u0437\u0430 \u0438\u043d\u0444\u043e\u0440\u043c\u0438\u0440\u0430\u043d\u0435 \u0435 \u0438\u0437\u0433\u043e\u0442\u0432\u0435\u043d \u0441 \u0446\u0435\u043b \u0438\u0437\u043f\u044a\u043b\u043d\u0435\u043d\u0438\u0435 \u043d\u0430 \u0437\u0430\u0434\u044a\u043b\u0436\u0435\u043d\u0438\u0435\u0442\u043e \u0437\u0430 \u0438\u043d\u0444\u043e\u0440\u043c\u0438\u0440\u0430\u043d\u0435 \u0432\u044a\u0432 \u0432\u0440\u044a\u0437\u043a\u0430 \u0441 \u0438\u0437\u043f\u043e\u043b\u0437\u0432\u0430\u043d\u0435\u0442\u043e \u043d\u0430 \u043a\u043e\u043d\u0442\u0430\u043a\u0442\u043d\u0430\u0442\u0430 \u0444\u043e\u0440\u043c\u0430 \u043d\u0430 \u043d\u0430\u0448\u0438\u044f \u0443\u0435\u0431\u0441\u0430\u0439\u0442, \u0432 \u0441\u044a\u043e\u0442\u0432\u0435\u0442\u0441\u0442\u0432\u0438\u0435 \u0441 \u0447\u043b. 10 \u043e\u0442 \u0417\u0430\u043a\u043e\u043d \u2116 6698 \u0437\u0430 \u0437\u0430\u0449\u0438\u0442\u0430 \u043d\u0430 \u043b\u0438\u0447\u043d\u0438\u0442\u0435 \u0434\u0430\u043d\u043d\u0438 \u0438 \u0421\u044a\u043e\u0431\u0449\u0435\u043d\u0438\u0435\u0442\u043e \u043e\u0442\u043d\u043e\u0441\u043d\u043e \u043f\u0440\u043e\u0446\u0435\u0434\u0443\u0440\u0438\u0442\u0435 \u0438 \u043f\u0440\u0438\u043d\u0446\u0438\u043f\u0438\u0442\u0435, \u043a\u043e\u0438\u0442\u043e \u0441\u043b\u0435\u0434\u0432\u0430 \u0434\u0430 \u0441\u0435 \u0441\u043f\u0430\u0437\u0432\u0430\u0442 \u043f\u0440\u0438 \u0438\u0437\u043f\u044a\u043b\u043d\u0435\u043d\u0438\u0435 \u043d\u0430 \u0437\u0430\u0434\u044a\u043b\u0436\u0435\u043d\u0438\u0435\u0442\u043e \u0437\u0430 \u0438\u043d\u0444\u043e\u0440\u043c\u0438\u0440\u0430\u043d\u0435, \u043e\u0442 [&hellip;]<\/p>\n","protected":false},"author":1,"featured_media":0,"parent":0,"menu_order":0,"comment_status":"closed","ping_status":"closed","template":"","meta":{"footnotes":""},"class_list":["post-1709","page","type-page","status-publish","hentry"],"_links":{"self":[{"href":"https:\/\/www.ideadentalclinic.com\/bg\/wp-json\/wp\/v2\/pages\/1709","targetHints":{"allow":["GET"]}}],"collection":[{"href":"https:\/\/www.ideadentalclinic.com\/bg\/wp-json\/wp\/v2\/pages"}],"about":[{"href":"https:\/\/www.ideadentalclinic.com\/bg\/wp-json\/wp\/v2\/types\/page"}],"author":[{"embeddable":true,"href":"https:\/\/www.ideadentalclinic.com\/bg\/wp-json\/wp\/v2\/users\/1"}],"replies":[{"embeddable":true,"href":"https:\/\/www.ideadentalclinic.com\/bg\/wp-json\/wp\/v2\/comments?post=1709"}],"version-history":[{"count":3,"href":"https:\/\/www.ideadentalclinic.com\/bg\/wp-json\/wp\/v2\/pages\/1709\/revisions"}],"predecessor-version":[{"id":1712,"href":"https:\/\/www.ideadentalclinic.com\/bg\/wp-json\/wp\/v2\/pages\/1709\/revisions\/1712"}],"wp:attachment":[{"href":"https:\/\/www.ideadentalclinic.com\/bg\/wp-json\/wp\/v2\/media?parent=1709"}],"curies":[{"name":"wp","href":"https:\/\/api.w.org\/{rel}","templated":true}]}}