{"id":1713,"date":"2026-02-24T14:10:19","date_gmt":"2026-02-24T11:10:19","guid":{"rendered":"https:\/\/www.ideadentalclinic.com\/web-sitesi-iletisim-formu-aydinlatma-metni\/"},"modified":"2026-02-24T14:36:38","modified_gmt":"2026-02-24T11:36:38","slug":"website-contact-form-information-text","status":"publish","type":"page","link":"https:\/\/www.ideadentalclinic.com\/en\/website-contact-form-information-text\/","title":{"rendered":"WEBSITE CONTACT FORM INFORMATION TEXT"},"content":{"rendered":"<p>This information notice has been prepared by <strong>YKM SA\u011eLIK H\u0130ZMETLER\u0130 L\u0130M\u0130TED \u015e\u0130RKET\u0130 (\u0130DEA A\u011eIZ VE D\u0130\u015e SA\u011eLI\u011eI POL\u0130KL\u0130N\u0130\u011e\u0130) <\/strong> acting as the data controller (hereinafter referred to as <strong>YKM<\/strong>) within the scope of Article 10 of Law No. 6698 on the Protection of Personal Data and the Communiqu\u00e9 on the Procedures and Principles to be Followed in Fulfilling the Obligation to Inform, in order to fulfil the obligation to inform regarding the use of the contact form on our website.<\/p>\n<p>The \u201c<strong>personal data such as your name, surname, phone number, e-mail, etc., the messages you write in the form, and if you have uploaded them, your special category health information and files<\/strong>\u201d that you share via the contact forms on our website are processed for the purposes of carrying out the necessary activities to enable you to benefit from the oral and dental health services offered by our company, conducting the relevant business processes, and contacting you regarding the matter you applied for and, if you have requested it, confirming your appointment.<\/p>\n<p>The said data are processed by automated means, limited and proportionate to your purpose of submission, within the framework envisaged by the Law, based on the legal grounds set forth in Article 5 of the Law: \u201cbeing mandatory for the data controller to fulfil its legal obligation\u201d and \u201ccarrying out preventive medicine, medical diagnosis, treatment and care services\u201d. They may be transferred to judicial authorities or the relevant law enforcement agencies in order to resolve legal disputes or upon request, as required by the relevant legislation.<\/p>\n<p>In the event that you do NOT benefit from our oral and dental health services, your personal data will be stored for 1 (one) year in line with the purposes stated above. After the period expires, your personal data will be deleted, destroyed and\/or anonymized by YKM in accordance with its policy on the processing, protection, storage and destruction of personal data, or upon your request, by the methods set forth under the Law on the Protection of Personal Data and the relevant regulations. <strong>If you benefit from our oral and dental health services, we fulfil our obligation to inform separately as well.<\/strong> (<em>https:\/\/www.ideadentalclinic.com\/kvkk<\/em>)<\/p>\n<p>Pursuant to the Law on the Protection of Personal Data, you are required to submit your request regarding the exercise of your rights stated above to our Company in writing. In order to exercise the rights stated above, you may fill in the YKM.F.15\/04 personal data protection request application form, which is available on the Company\u2019s website and can also be obtained from our patient rights unit (<em>https:\/\/www.ideadentalclinic.com\/kvkk<\/em>), and submit it to our Company as indicated in the form, or you may also submit it to our Company via e-mail.<\/p>\n<h2><em>CONTACT INFORMATION<\/em><\/h2>\n<p><strong>Contact Link<\/strong>: https:\/\/www.ideadentalclinic.com\/iletisim\/<\/p>\n<p><strong>Address:<\/strong> Top\u00e7ular Mah, Rami K\u0131\u015fla Cd. No:40 D:44D, 34055 Ey\u00fcpsultan\/\u0130stanbul<\/p>\n<p><strong>Our KEP address: ykmsaglik@hs06.kep.tr<\/strong><\/p>\n<p><strong>Phone:<\/strong> <strong>(0212) 302 50 70<\/strong><\/p>\n","protected":false},"excerpt":{"rendered":"<p>This information notice has been prepared by YKM SA\u011eLIK H\u0130ZMETLER\u0130 L\u0130M\u0130TED \u015e\u0130RKET\u0130 (\u0130DEA A\u011eIZ VE D\u0130\u015e SA\u011eLI\u011eI POL\u0130KL\u0130N\u0130\u011e\u0130) acting as the data controller (hereinafter referred to as YKM) within the scope of Article 10 of Law No. 6698 on the Protection of Personal Data and the Communiqu\u00e9 on the Procedures and Principles to be Followed [&hellip;]<\/p>\n","protected":false},"author":1,"featured_media":0,"parent":0,"menu_order":0,"comment_status":"closed","ping_status":"closed","template":"","meta":{"footnotes":""},"class_list":["post-1713","page","type-page","status-publish","hentry"],"_links":{"self":[{"href":"https:\/\/www.ideadentalclinic.com\/en\/wp-json\/wp\/v2\/pages\/1713","targetHints":{"allow":["GET"]}}],"collection":[{"href":"https:\/\/www.ideadentalclinic.com\/en\/wp-json\/wp\/v2\/pages"}],"about":[{"href":"https:\/\/www.ideadentalclinic.com\/en\/wp-json\/wp\/v2\/types\/page"}],"author":[{"embeddable":true,"href":"https:\/\/www.ideadentalclinic.com\/en\/wp-json\/wp\/v2\/users\/1"}],"replies":[{"embeddable":true,"href":"https:\/\/www.ideadentalclinic.com\/en\/wp-json\/wp\/v2\/comments?post=1713"}],"version-history":[{"count":3,"href":"https:\/\/www.ideadentalclinic.com\/en\/wp-json\/wp\/v2\/pages\/1713\/revisions"}],"predecessor-version":[{"id":1716,"href":"https:\/\/www.ideadentalclinic.com\/en\/wp-json\/wp\/v2\/pages\/1713\/revisions\/1716"}],"wp:attachment":[{"href":"https:\/\/www.ideadentalclinic.com\/en\/wp-json\/wp\/v2\/media?parent=1713"}],"curies":[{"name":"wp","href":"https:\/\/api.w.org\/{rel}","templated":true}]}}