{"id":1721,"date":"2026-02-24T14:10:19","date_gmt":"2026-02-24T11:10:19","guid":{"rendered":"https:\/\/www.ideadentalclinic.com\/web-sitesi-iletisim-formu-aydinlatma-metni\/"},"modified":"2026-02-24T14:50:54","modified_gmt":"2026-02-24T11:50:54","slug":"formulaire-de-contact-du-site-web-informations-texte","status":"publish","type":"page","link":"https:\/\/www.ideadentalclinic.com\/fr\/formulaire-de-contact-du-site-web-informations-texte\/","title":{"rendered":"FORMULAIRE DE CONTACT DU SITE WEB &#8211; INFORMATIONS TEXTE"},"content":{"rendered":"<p>Le pr\u00e9sent texte d\u2019information a \u00e9t\u00e9 pr\u00e9par\u00e9, conform\u00e9ment \u00e0 l\u2019article 10 de la Loi n\u00b0 6698 sur la Protection des Donn\u00e9es \u00e0 Caract\u00e8re Personnel et au Communiqu\u00e9 relatif aux proc\u00e9dures et principes \u00e0 respecter dans l\u2019ex\u00e9cution de l\u2019obligation d\u2019information, par <strong>YKM SA\u011eLIK H\u0130ZMETLER\u0130 L\u0130M\u0130TED \u015e\u0130RKET\u0130 (\u0130DEA A\u011eIZ VE D\u0130\u015e SA\u011eLI\u011eI POL\u0130KL\u0130N\u0130\u011e\u0130) <\/strong>, en sa qualit\u00e9 de responsable du traitement (ci-apr\u00e8s d\u00e9nomm\u00e9e <strong>YKM<\/strong>), afin de satisfaire \u00e0 l\u2019obligation d\u2019information relative \u00e0 l\u2019utilisation du formulaire de contact sur notre site Internet.<\/p>\n<p>Les \u00ab <strong>vos donn\u00e9es personnelles telles que nom, pr\u00e9nom, t\u00e9l\u00e9phone, e-mail, etc., les messages que vous saisissez dans le formulaire, et, si vous les avez t\u00e9l\u00e9charg\u00e9s, vos informations et fichiers de sant\u00e9 relevant de cat\u00e9gories particuli\u00e8res<\/strong> \u00bb que vous partagez via les formulaires de contact de notre site Internet sont trait\u00e9s par notre soci\u00e9t\u00e9 afin d\u2019effectuer les d\u00e9marches n\u00e9cessaires pour vous permettre de b\u00e9n\u00e9ficier des services de sant\u00e9 bucco-dentaire que nous proposons, de mener les processus op\u00e9rationnels concern\u00e9s, et de vous contacter au sujet de votre demande et, si vous l\u2019avez sollicit\u00e9, de confirmer votre rendez-vous.<\/p>\n<p>Lesdites donn\u00e9es sont trait\u00e9es par des moyens automatis\u00e9s, de mani\u00e8re limit\u00e9e et proportionn\u00e9e \u00e0 votre finalit\u00e9 d\u2019envoi, dans le cadre pr\u00e9vu par la Loi, sur la base des fondements juridiques figurant \u00e0 l\u2019article 5 de la Loi : \u00ab \u00eatre obligatoire pour que le responsable du traitement puisse s\u2019acquitter de son obligation l\u00e9gale \u00bb et \u00ab l\u2019ex\u00e9cution de la m\u00e9decine pr\u00e9ventive, du diagnostic m\u00e9dical, du traitement et des services de soins \u00bb. Elles pourront \u00eatre transmises aux autorit\u00e9s judiciaires ou aux forces de l\u2019ordre comp\u00e9tentes, en vue de la r\u00e9solution de litiges juridiques ou sur demande, conform\u00e9ment \u00e0 la l\u00e9gislation applicable.<\/p>\n<p>Dans le cas o\u00f9 vous ne b\u00e9n\u00e9ficiez PAS de nos services de sant\u00e9 bucco-dentaire, vos donn\u00e9es personnelles seront conserv\u00e9es pendant 1 (un) an conform\u00e9ment aux finalit\u00e9s indiqu\u00e9es ci-dessus. \u00c0 l\u2019expiration de ce d\u00e9lai, vos donn\u00e9es personnelles seront supprim\u00e9es, d\u00e9truites et\/ou rendues anonymes par YKM conform\u00e9ment \u00e0 sa politique de traitement, de protection, de conservation et de destruction des donn\u00e9es personnelles, ou \u00e0 votre demande, au moyen des m\u00e9thodes pr\u00e9vues par la Loi sur la Protection des Donn\u00e9es \u00e0 Caract\u00e8re Personnel et les r\u00e8glements pertinents. <strong>Si vous b\u00e9n\u00e9ficiez de nos services de sant\u00e9 bucco-dentaire, nous remplissons \u00e9galement notre obligation d\u2019information s\u00e9par\u00e9ment.<\/strong> (<em>https:\/\/www.ideadentalclinic.com\/kvkk<\/em>)<\/p>\n<p>Conform\u00e9ment \u00e0 la Loi sur la Protection des Donn\u00e9es \u00e0 Caract\u00e8re Personnel, vous devez transmettre par \u00e9crit \u00e0 notre Soci\u00e9t\u00e9 votre demande relative \u00e0 l\u2019exercice de vos droits mentionn\u00e9s ci-dessus. Afin d\u2019exercer vos droits, vous pouvez remplir le formulaire de demande au titre de la Loi sur la Protection des Donn\u00e9es Personnelles YKM.F.15\/04, disponible sur le site Internet de la Soci\u00e9t\u00e9 et \u00e9galement aupr\u00e8s de notre unit\u00e9 des droits des patients (<em>https:\/\/www.ideadentalclinic.com\/kvkk<\/em>), puis le remettre \u00e0 notre Soci\u00e9t\u00e9 comme indiqu\u00e9 dans le formulaire, ou l\u2019envoyer \u00e9galement \u00e0 notre Soci\u00e9t\u00e9 par courrier \u00e9lectronique.<\/p>\n<h2><em>COORDONN\u00c9ES<\/em><\/h2>\n<p><strong>Lien de contact<\/strong>: https:\/\/www.ideadentalclinic.com\/iletisim\/<\/p>\n<p><strong>Adresse :<\/strong> Top\u00e7ular Mah, Rami K\u0131\u015fla Cd. No:40 D:44D, 34055 Ey\u00fcpsultan\/\u0130stanbul<\/p>\n<p><strong>Notre adresse KEP : ykmsaglik@hs06.kep.tr<\/strong><\/p>\n<p><strong>T\u00e9l\u00e9phone :<\/strong> <strong>(0212) 302 50 70<\/strong><\/p>\n","protected":false},"excerpt":{"rendered":"<p>Le pr\u00e9sent texte d\u2019information a \u00e9t\u00e9 pr\u00e9par\u00e9, conform\u00e9ment \u00e0 l\u2019article 10 de la Loi n\u00b0 6698 sur la Protection des Donn\u00e9es \u00e0 Caract\u00e8re Personnel et au Communiqu\u00e9 relatif aux proc\u00e9dures et principes \u00e0 respecter dans l\u2019ex\u00e9cution de l\u2019obligation d\u2019information, par YKM SA\u011eLIK H\u0130ZMETLER\u0130 L\u0130M\u0130TED \u015e\u0130RKET\u0130 (\u0130DEA A\u011eIZ VE D\u0130\u015e SA\u011eLI\u011eI POL\u0130KL\u0130N\u0130\u011e\u0130) , en sa qualit\u00e9 [&hellip;]<\/p>\n","protected":false},"author":1,"featured_media":0,"parent":0,"menu_order":0,"comment_status":"closed","ping_status":"closed","template":"","meta":{"footnotes":""},"class_list":["post-1721","page","type-page","status-publish","hentry"],"_links":{"self":[{"href":"https:\/\/www.ideadentalclinic.com\/fr\/wp-json\/wp\/v2\/pages\/1721","targetHints":{"allow":["GET"]}}],"collection":[{"href":"https:\/\/www.ideadentalclinic.com\/fr\/wp-json\/wp\/v2\/pages"}],"about":[{"href":"https:\/\/www.ideadentalclinic.com\/fr\/wp-json\/wp\/v2\/types\/page"}],"author":[{"embeddable":true,"href":"https:\/\/www.ideadentalclinic.com\/fr\/wp-json\/wp\/v2\/users\/1"}],"replies":[{"embeddable":true,"href":"https:\/\/www.ideadentalclinic.com\/fr\/wp-json\/wp\/v2\/comments?post=1721"}],"version-history":[{"count":3,"href":"https:\/\/www.ideadentalclinic.com\/fr\/wp-json\/wp\/v2\/pages\/1721\/revisions"}],"predecessor-version":[{"id":1724,"href":"https:\/\/www.ideadentalclinic.com\/fr\/wp-json\/wp\/v2\/pages\/1721\/revisions\/1724"}],"wp:attachment":[{"href":"https:\/\/www.ideadentalclinic.com\/fr\/wp-json\/wp\/v2\/media?parent=1721"}],"curies":[{"name":"wp","href":"https:\/\/api.w.org\/{rel}","templated":true}]}}