{"id":877,"date":"2026-02-16T10:06:44","date_gmt":"2026-02-16T07:06:44","guid":{"rendered":"https:\/\/www.ideadentalclinic.com\/hakkimizda\/"},"modified":"2026-02-19T09:17:43","modified_gmt":"2026-02-19T06:17:43","slug":"a-propos-de-nous","status":"publish","type":"page","link":"https:\/\/www.ideadentalclinic.com\/fr\/a-propos-de-nous\/","title":{"rendered":"\u00c0 Propos De Nous"},"content":{"rendered":"<p>En tant que polyclinique de sant\u00e9 bucco-dentaire IDEA, avec notre \u00e9quipe fondatrice compos\u00e9e de trois dentistes experts dans leur domaine\u00a0; Nous avons commenc\u00e9 avec les principes de fournir des services de sant\u00e9 dentaire professionnels, dynamiques, innovants et modernes.<\/p>\n<p>En tant que m\u00e9decins sp\u00e9cialistes qui composent le personnel fondateur\u00a0; Nous attachons de l\u2019importance \u00e0 offrir une base de traitement bas\u00e9e sur la confiance, adapt\u00e9e \u00e0 un suivi \u00e0 long terme et accessible \u00e0 nos patients dans la relation que nous \u00e9tablissons avec nos patients, ainsi que dans l\u2019exp\u00e9rience professionnelle que nous avons accumul\u00e9e. Sp\u00e9cialiste Dt. dans notre \u00e9quipe. Gamze Kavuncu, en tant que parodontologue et chirurgien des gencives, s\u2019int\u00e9resse aux maladies des gencives, aux traitements implantaires, aux approches chirurgicales, docteur Ali Can Yeni et Uzm. Dt. Can Metiner, Phd. sur les traitements proth\u00e9tiques et les traitements dentaires esth\u00e9tiques. M\u00fcge Ali Metiner travaille dans les domaines de la dentisterie p\u00e9diatrique et constitue le personnel de base de notre clinique. Parall\u00e8lement, nous g\u00e9rons les traitements de nos patients avec des avis professionnels, avec le soutien de nos m\u00e9decins experts en traitement orthodontique et en traitement endodontique.<\/p>\n<p>&nbsp;<\/p>\n<p><iframe loading=\"lazy\" title=\"YouTube video player\" src=\"https:\/\/www.youtube.com\/embed\/amUJ6-hLGTg\" width=\"100%\" height=\"450\" frameborder=\"0\" allowfullscreen=\"allowfullscreen\"><\/iframe><\/p>\n<p>&nbsp;<\/p>\n<p>Nos domaines de service couvrent tous les domaines de la dentisterie tels que la proth\u00e8se, la parodontie, la chirurgie, les applications d\u2019implants, l\u2019endodontie, la p\u00e9dodontie, l\u2019orthodontie et le traitement. Notre clinique, dot\u00e9e de technologies de pointe, de syst\u00e8mes num\u00e9riques et de toutes sortes d\u2019infrastructures qui contribueront au confort des patients, dispose de 4 salles cliniques, Panoramique. Nous h\u00e9bergeons des aires de repos confortables que nous organisons pour permettre \u00e0 nos patients de soulager certains la tension qu\u2019ils ressentent lorsqu\u2019ils viennent se faire soigner.<\/p>\n","protected":false},"excerpt":{"rendered":"<p>En tant que polyclinique de sant\u00e9 bucco-dentaire IDEA, avec notre \u00e9quipe fondatrice compos\u00e9e de trois dentistes experts dans leur domaine\u00a0; Nous avons commenc\u00e9 avec les principes de fournir des services de sant\u00e9 dentaire professionnels, dynamiques, innovants et modernes. En tant que m\u00e9decins sp\u00e9cialistes qui composent le personnel fondateur\u00a0; Nous attachons de l\u2019importance \u00e0 offrir une [&hellip;]<\/p>\n","protected":false},"author":1,"featured_media":2068,"parent":0,"menu_order":0,"comment_status":"closed","ping_status":"closed","template":"","meta":{"footnotes":""},"class_list":["post-877","page","type-page","status-publish","has-post-thumbnail","hentry"],"_links":{"self":[{"href":"https:\/\/www.ideadentalclinic.com\/fr\/wp-json\/wp\/v2\/pages\/877","targetHints":{"allow":["GET"]}}],"collection":[{"href":"https:\/\/www.ideadentalclinic.com\/fr\/wp-json\/wp\/v2\/pages"}],"about":[{"href":"https:\/\/www.ideadentalclinic.com\/fr\/wp-json\/wp\/v2\/types\/page"}],"author":[{"embeddable":true,"href":"https:\/\/www.ideadentalclinic.com\/fr\/wp-json\/wp\/v2\/users\/1"}],"replies":[{"embeddable":true,"href":"https:\/\/www.ideadentalclinic.com\/fr\/wp-json\/wp\/v2\/comments?post=877"}],"version-history":[{"count":1,"href":"https:\/\/www.ideadentalclinic.com\/fr\/wp-json\/wp\/v2\/pages\/877\/revisions"}],"predecessor-version":[{"id":879,"href":"https:\/\/www.ideadentalclinic.com\/fr\/wp-json\/wp\/v2\/pages\/877\/revisions\/879"}],"wp:featuredmedia":[{"embeddable":true,"href":"https:\/\/www.ideadentalclinic.com\/fr\/wp-json\/wp\/v2\/media\/2068"}],"wp:attachment":[{"href":"https:\/\/www.ideadentalclinic.com\/fr\/wp-json\/wp\/v2\/media?parent=877"}],"curies":[{"name":"wp","href":"https:\/\/api.w.org\/{rel}","templated":true}]}}