{"id":1725,"date":"2026-02-24T14:10:19","date_gmt":"2026-02-24T11:10:19","guid":{"rendered":"https:\/\/www.ideadentalclinic.com\/web-sitesi-iletisim-formu-aydinlatma-metni\/"},"modified":"2026-02-24T15:01:22","modified_gmt":"2026-02-24T12:01:22","slug":"%cf%86%ce%bf%cf%81%ce%bc%ce%b1-%ce%b5%cf%80%ce%b9%ce%ba%ce%bf%ce%b9%ce%bd%cf%89%ce%bd%ce%b9%ce%b1%cf%82-%ce%b9%cf%83%cf%84%ce%bf%cf%83%ce%b5%ce%bb%ce%b9%ce%b4%ce%b1%cf%82-%ce%ba%ce%b5%ce%b9%ce%bc","status":"publish","type":"page","link":"https:\/\/www.ideadentalclinic.com\/gr\/%cf%86%ce%bf%cf%81%ce%bc%ce%b1-%ce%b5%cf%80%ce%b9%ce%ba%ce%bf%ce%b9%ce%bd%cf%89%ce%bd%ce%b9%ce%b1%cf%82-%ce%b9%cf%83%cf%84%ce%bf%cf%83%ce%b5%ce%bb%ce%b9%ce%b4%ce%b1%cf%82-%ce%ba%ce%b5%ce%b9%ce%bc\/","title":{"rendered":"\u03a6\u039f\u03a1\u039c\u0391 \u0395\u03a0\u0399\u039a\u039f\u0399\u039d\u03a9\u039d\u0399\u0391\u03a3 \u0399\u03a3\u03a4\u039f\u03a3\u0395\u039b\u0399\u0394\u0391\u03a3 &#8211; \u039a\u0395\u0399\u039c\u0395\u039d\u039f \u03a0\u039b\u0397\u03a1\u039f\u03a6\u039f\u03a1\u0399\u03a9\u039d"},"content":{"rendered":"<p>\u03a4\u03bf \u03c0\u03b1\u03c1\u03cc\u03bd \u03ba\u03b5\u03af\u03bc\u03b5\u03bd\u03bf \u03b5\u03bd\u03b7\u03bc\u03ad\u03c1\u03c9\u03c3\u03b7\u03c2 \u03ad\u03c7\u03b5\u03b9 \u03ba\u03b1\u03c4\u03b1\u03c1\u03c4\u03b9\u03c3\u03c4\u03b5\u03af \u03b1\u03c0\u03cc \u03c4\u03b7\u03bd <strong>YKM SA\u011eLIK H\u0130ZMETLER\u0130 L\u0130M\u0130TED \u015e\u0130RKET\u0130 (\u0130DEA A\u011eIZ VE D\u0130\u015e SA\u011eLI\u011eI POL\u0130KL\u0130N\u0130\u011e\u0130) <\/strong>, \u03c5\u03c0\u03cc \u03c4\u03b7\u03bd \u03b9\u03b4\u03b9\u03cc\u03c4\u03b7\u03c4\u03ac \u03c4\u03b7\u03c2 \u03c9\u03c2 \u03c5\u03c0\u03b5\u03cd\u03b8\u03c5\u03bd\u03bf\u03c2 \u03b5\u03c0\u03b5\u03be\u03b5\u03c1\u03b3\u03b1\u03c3\u03af\u03b1\u03c2 \u03b4\u03b5\u03b4\u03bf\u03bc\u03ad\u03bd\u03c9\u03bd (\u03b5\u03c6\u03b5\u03be\u03ae\u03c2 \u03b8\u03b1 \u03b1\u03bd\u03b1\u03c6\u03ad\u03c1\u03b5\u03c4\u03b1\u03b9 \u03c9\u03c2 <strong>YKM<\/strong>), \u03c3\u03c4\u03bf \u03c0\u03bb\u03b1\u03af\u03c3\u03b9\u03bf \u03c4\u03bf\u03c5 \u03ac\u03c1\u03b8\u03c1\u03bf\u03c5 10 \u03c4\u03bf\u03c5 \u039d\u03cc\u03bc\u03bf\u03c5 \u03c5\u03c0\u2019 \u03b1\u03c1\u03b9\u03b8. 6698 \u03c0\u03b5\u03c1\u03af \u03a0\u03c1\u03bf\u03c3\u03c4\u03b1\u03c3\u03af\u03b1\u03c2 \u0394\u03b5\u03b4\u03bf\u03bc\u03ad\u03bd\u03c9\u03bd \u03a0\u03c1\u03bf\u03c3\u03c9\u03c0\u03b9\u03ba\u03bf\u03cd \u03a7\u03b1\u03c1\u03b1\u03ba\u03c4\u03ae\u03c1\u03b1 \u03ba\u03b1\u03b9 \u03c4\u03b7\u03c2 \u0391\u03bd\u03b1\u03ba\u03bf\u03af\u03bd\u03c9\u03c3\u03b7\u03c2 \u03c3\u03c7\u03b5\u03c4\u03b9\u03ba\u03ac \u03bc\u03b5 \u03c4\u03b9\u03c2 \u03b4\u03b9\u03b1\u03b4\u03b9\u03ba\u03b1\u03c3\u03af\u03b5\u03c2 \u03ba\u03b1\u03b9 \u03c4\u03b9\u03c2 \u03b1\u03c1\u03c7\u03ad\u03c2 \u03c0\u03bf\u03c5 \u03c0\u03c1\u03ad\u03c0\u03b5\u03b9 \u03bd\u03b1 \u03c4\u03b7\u03c1\u03bf\u03cd\u03bd\u03c4\u03b1\u03b9 \u03ba\u03b1\u03c4\u03ac \u03c4\u03b7\u03bd \u03b5\u03ba\u03c0\u03bb\u03ae\u03c1\u03c9\u03c3\u03b7 \u03c4\u03b7\u03c2 \u03c5\u03c0\u03bf\u03c7\u03c1\u03ad\u03c9\u03c3\u03b7\u03c2 \u03b5\u03bd\u03b7\u03bc\u03ad\u03c1\u03c9\u03c3\u03b7\u03c2, \u03bc\u03b5 \u03c3\u03ba\u03bf\u03c0\u03cc \u03c4\u03b7\u03bd \u03b5\u03ba\u03c0\u03bb\u03ae\u03c1\u03c9\u03c3\u03b7 \u03c4\u03b7\u03c2 \u03c5\u03c0\u03bf\u03c7\u03c1\u03ad\u03c9\u03c3\u03b7\u03c2 \u03b5\u03bd\u03b7\u03bc\u03ad\u03c1\u03c9\u03c3\u03b7\u03c2 \u03b1\u03bd\u03b1\u03c6\u03bf\u03c1\u03b9\u03ba\u03ac \u03bc\u03b5 \u03c4\u03b7 \u03c7\u03c1\u03ae\u03c3\u03b7 \u03c4\u03b7\u03c2 \u03c6\u03cc\u03c1\u03bc\u03b1\u03c2 \u03b5\u03c0\u03b9\u03ba\u03bf\u03b9\u03bd\u03c9\u03bd\u03af\u03b1\u03c2 \u03c3\u03c4\u03bf\u03bd \u03b9\u03c3\u03c4\u03cc\u03c4\u03bf\u03c0\u03cc \u03bc\u03b1\u03c2.<\/p>\n<p>\u03a4\u03b1 \u00ab<strong>\u03c0\u03c1\u03bf\u03c3\u03c9\u03c0\u03b9\u03ba\u03ac \u03c3\u03b1\u03c2 \u03b4\u03b5\u03b4\u03bf\u03bc\u03ad\u03bd\u03b1 \u03cc\u03c0\u03c9\u03c2 \u03cc\u03bd\u03bf\u03bc\u03b1, \u03b5\u03c0\u03ce\u03bd\u03c5\u03bc\u03bf, \u03c4\u03b7\u03bb\u03ad\u03c6\u03c9\u03bd\u03bf, e-mail \u03ba.\u03bb\u03c0., \u03c4\u03b1 \u03bc\u03b7\u03bd\u03cd\u03bc\u03b1\u03c4\u03ac \u03c3\u03b1\u03c2 \u03c0\u03bf\u03c5 \u03b3\u03c1\u03ac\u03c6\u03b5\u03c4\u03b5 \u03c3\u03c4\u03b7 \u03c6\u03cc\u03c1\u03bc\u03b1, \u03ba\u03b1\u03b9 \u03b5\u03c6\u03cc\u03c3\u03bf\u03bd \u03c4\u03b1 \u03ad\u03c7\u03b5\u03c4\u03b5 \u03b1\u03bd\u03b5\u03b2\u03ac\u03c3\u03b5\u03b9, \u03bf\u03b9 \u03b5\u03b9\u03b4\u03b9\u03ba\u03ad\u03c2 \u03ba\u03b1\u03c4\u03b7\u03b3\u03bf\u03c1\u03af\u03b5\u03c2 \u03c0\u03bb\u03b7\u03c1\u03bf\u03c6\u03bf\u03c1\u03b9\u03ce\u03bd \u03c5\u03b3\u03b5\u03af\u03b1\u03c2 \u03ba\u03b1\u03b9 \u03c4\u03b1 \u03b1\u03c1\u03c7\u03b5\u03af\u03b1 \u03c3\u03b1\u03c2<\/strong>\u00bb \u03c0\u03bf\u03c5 \u03ba\u03bf\u03b9\u03bd\u03bf\u03c0\u03bf\u03b9\u03b5\u03af\u03c4\u03b5 \u03bc\u03ad\u03c3\u03c9 \u03c4\u03c9\u03bd \u03c6\u03bf\u03c1\u03bc\u03ce\u03bd \u03b5\u03c0\u03b9\u03ba\u03bf\u03b9\u03bd\u03c9\u03bd\u03af\u03b1\u03c2 \u03c3\u03c4\u03bf\u03bd \u03b9\u03c3\u03c4\u03cc\u03c4\u03bf\u03c0\u03cc \u03bc\u03b1\u03c2, \u03c5\u03c0\u03bf\u03b2\u03ac\u03bb\u03bb\u03bf\u03bd\u03c4\u03b1\u03b9 \u03c3\u03b5 \u03b5\u03c0\u03b5\u03be\u03b5\u03c1\u03b3\u03b1\u03c3\u03af\u03b1 \u03b1\u03c0\u03cc \u03c4\u03b7\u03bd \u03b5\u03c4\u03b1\u03b9\u03c1\u03b5\u03af\u03b1 \u03bc\u03b1\u03c2 \u03bc\u03b5 \u03c3\u03ba\u03bf\u03c0\u03cc \u03c4\u03b7\u03bd \u03c0\u03c1\u03b1\u03b3\u03bc\u03b1\u03c4\u03bf\u03c0\u03bf\u03af\u03b7\u03c3\u03b7 \u03c4\u03c9\u03bd \u03b1\u03c0\u03b1\u03c1\u03b1\u03af\u03c4\u03b7\u03c4\u03c9\u03bd \u03b5\u03bd\u03b5\u03c1\u03b3\u03b5\u03b9\u03ce\u03bd \u03ce\u03c3\u03c4\u03b5 \u03bd\u03b1 \u03b5\u03c0\u03c9\u03c6\u03b5\u03bb\u03b7\u03b8\u03b5\u03af\u03c4\u03b5 \u03b1\u03c0\u03cc \u03c4\u03b9\u03c2 \u03c5\u03c0\u03b7\u03c1\u03b5\u03c3\u03af\u03b5\u03c2 \u03c3\u03c4\u03bf\u03bc\u03b1\u03c4\u03b9\u03ba\u03ae\u03c2 \u03ba\u03b1\u03b9 \u03bf\u03b4\u03bf\u03bd\u03c4\u03b9\u03b1\u03c4\u03c1\u03b9\u03ba\u03ae\u03c2 \u03c5\u03b3\u03b5\u03af\u03b1\u03c2 \u03c0\u03bf\u03c5 \u03c0\u03c1\u03bf\u03c3\u03c6\u03ad\u03c1\u03bf\u03c5\u03bc\u03b5, \u03c4\u03b7 \u03b4\u03b9\u03b5\u03ba\u03c0\u03b5\u03c1\u03b1\u03af\u03c9\u03c3\u03b7 \u03c4\u03c9\u03bd \u03c3\u03c7\u03b5\u03c4\u03b9\u03ba\u03ce\u03bd \u03b5\u03c0\u03b9\u03c7\u03b5\u03b9\u03c1\u03b7\u03c3\u03b9\u03b1\u03ba\u03ce\u03bd \u03b4\u03b9\u03b1\u03b4\u03b9\u03ba\u03b1\u03c3\u03b9\u03ce\u03bd, \u03ba\u03b1\u03b8\u03ce\u03c2 \u03ba\u03b1\u03b9 \u03c4\u03b7\u03bd \u03b5\u03c0\u03b9\u03ba\u03bf\u03b9\u03bd\u03c9\u03bd\u03af\u03b1 \u03bc\u03b1\u03b6\u03af \u03c3\u03b1\u03c2 \u03c3\u03c7\u03b5\u03c4\u03b9\u03ba\u03ac \u03bc\u03b5 \u03c4\u03bf \u03b8\u03ad\u03bc\u03b1 \u03b3\u03b9\u03b1 \u03c4\u03bf \u03bf\u03c0\u03bf\u03af\u03bf \u03c5\u03c0\u03bf\u03b2\u03ac\u03bb\u03b1\u03c4\u03b5 \u03b1\u03af\u03c4\u03b7\u03bc\u03b1 \u03ba\u03b1\u03b9, \u03b5\u03c6\u03cc\u03c3\u03bf\u03bd \u03c4\u03bf \u03b6\u03b7\u03c4\u03ae\u03c3\u03b1\u03c4\u03b5, \u03c4\u03b7\u03bd \u03b5\u03c0\u03b9\u03b2\u03b5\u03b2\u03b1\u03af\u03c9\u03c3\u03b7 \u03c4\u03bf\u03c5 \u03c1\u03b1\u03bd\u03c4\u03b5\u03b2\u03bf\u03cd \u03c3\u03b1\u03c2.<\/p>\n<p>\u03a4\u03b1 \u03b5\u03bd \u03bb\u03cc\u03b3\u03c9 \u03b4\u03b5\u03b4\u03bf\u03bc\u03ad\u03bd\u03b1 \u03c5\u03c0\u03bf\u03b2\u03ac\u03bb\u03bb\u03bf\u03bd\u03c4\u03b1\u03b9 \u03c3\u03b5 \u03b1\u03c5\u03c4\u03bf\u03bc\u03b1\u03c4\u03bf\u03c0\u03bf\u03b9\u03b7\u03bc\u03ad\u03bd\u03b7 \u03b5\u03c0\u03b5\u03be\u03b5\u03c1\u03b3\u03b1\u03c3\u03af\u03b1, \u03c0\u03b5\u03c1\u03b9\u03bf\u03c1\u03b9\u03c3\u03bc\u03ad\u03bd\u03b1 \u03ba\u03b1\u03b9 \u03b1\u03bd\u03b1\u03bb\u03bf\u03b3\u03b9\u03ba\u03ac \u03bc\u03b5 \u03c4\u03bf\u03bd \u03c3\u03ba\u03bf\u03c0\u03cc \u03b1\u03c0\u03bf\u03c3\u03c4\u03bf\u03bb\u03ae\u03c2 \u03c3\u03b1\u03c2, \u03c3\u03c4\u03bf \u03c0\u03bb\u03b1\u03af\u03c3\u03b9\u03bf \u03c0\u03bf\u03c5 \u03c0\u03c1\u03bf\u03b2\u03bb\u03ad\u03c0\u03b5\u03b9 \u03bf \u039d\u03cc\u03bc\u03bf\u03c2, \u03bc\u03b5 \u03b2\u03ac\u03c3\u03b7 \u03c4\u03b9\u03c2 \u03bd\u03bf\u03bc\u03b9\u03ba\u03ad\u03c2 \u03b1\u03b9\u03c4\u03af\u03b5\u03c2 \u03c0\u03bf\u03c5 \u03b1\u03bd\u03b1\u03c6\u03ad\u03c1\u03bf\u03bd\u03c4\u03b1\u03b9 \u03c3\u03c4\u03bf \u03ac\u03c1\u03b8\u03c1\u03bf 5 \u03c4\u03bf\u03c5 \u039d\u03cc\u03bc\u03bf\u03c5: \u00ab\u03b7 \u03c5\u03c0\u03bf\u03c7\u03c1\u03b5\u03c9\u03c4\u03b9\u03ba\u03ae \u03b1\u03bd\u03ac\u03b3\u03ba\u03b7 \u03b3\u03b9\u03b1 \u03c4\u03bf\u03bd \u03c5\u03c0\u03b5\u03cd\u03b8\u03c5\u03bd\u03bf \u03b5\u03c0\u03b5\u03be\u03b5\u03c1\u03b3\u03b1\u03c3\u03af\u03b1\u03c2 \u03bd\u03b1 \u03b5\u03ba\u03c0\u03bb\u03b7\u03c1\u03ce\u03c3\u03b5\u03b9 \u03c4\u03b7 \u03bd\u03bf\u03bc\u03b9\u03ba\u03ae \u03c4\u03bf\u03c5 \u03c5\u03c0\u03bf\u03c7\u03c1\u03ad\u03c9\u03c3\u03b7\u00bb \u03ba\u03b1\u03b9 \u00ab\u03b7 \u03b5\u03ba\u03c4\u03ad\u03bb\u03b5\u03c3\u03b7 \u03c5\u03c0\u03b7\u03c1\u03b5\u03c3\u03b9\u03ce\u03bd \u03c0\u03c1\u03bf\u03bb\u03b7\u03c0\u03c4\u03b9\u03ba\u03ae\u03c2 \u03b9\u03b1\u03c4\u03c1\u03b9\u03ba\u03ae\u03c2, \u03b9\u03b1\u03c4\u03c1\u03b9\u03ba\u03ae\u03c2 \u03b4\u03b9\u03ac\u03b3\u03bd\u03c9\u03c3\u03b7\u03c2, \u03b8\u03b5\u03c1\u03b1\u03c0\u03b5\u03af\u03b1\u03c2 \u03ba\u03b1\u03b9 \u03c6\u03c1\u03bf\u03bd\u03c4\u03af\u03b4\u03b1\u03c2\u00bb. \u0393\u03b9\u03b1 \u03c4\u03b7\u03bd \u03b5\u03c0\u03af\u03bb\u03c5\u03c3\u03b7 \u03bd\u03bf\u03bc\u03b9\u03ba\u03ce\u03bd \u03b4\u03b9\u03b1\u03c6\u03bf\u03c1\u03ce\u03bd \u03ae \u03ba\u03b1\u03c4\u03cc\u03c0\u03b9\u03bd \u03b1\u03b9\u03c4\u03ae\u03bc\u03b1\u03c4\u03bf\u03c2, \u03c3\u03cd\u03bc\u03c6\u03c9\u03bd\u03b1 \u03bc\u03b5 \u03c4\u03b7 \u03c3\u03c7\u03b5\u03c4\u03b9\u03ba\u03ae \u03bd\u03bf\u03bc\u03bf\u03b8\u03b5\u03c3\u03af\u03b1, \u03b5\u03bd\u03b4\u03ad\u03c7\u03b5\u03c4\u03b1\u03b9 \u03bd\u03b1 \u03b4\u03b9\u03b1\u03b2\u03b9\u03b2\u03b1\u03c3\u03c4\u03bf\u03cd\u03bd \u03c3\u03c4\u03b9\u03c2 \u03b4\u03b9\u03ba\u03b1\u03c3\u03c4\u03b9\u03ba\u03ad\u03c2 \u03b1\u03c1\u03c7\u03ad\u03c2 \u03ae \u03c3\u03c4\u03b9\u03c2 \u03b1\u03c1\u03bc\u03cc\u03b4\u03b9\u03b5\u03c2 \u03b4\u03b9\u03c9\u03ba\u03c4\u03b9\u03ba\u03ad\u03c2 \u03b1\u03c1\u03c7\u03ad\u03c2.<\/p>\n<p>\u03a3\u03b5 \u03c0\u03b5\u03c1\u03af\u03c0\u03c4\u03c9\u03c3\u03b7 \u03c0\u03bf\u03c5 \u0394\u0395\u039d \u03b5\u03c0\u03c9\u03c6\u03b5\u03bb\u03b7\u03b8\u03b5\u03af\u03c4\u03b5 \u03b1\u03c0\u03cc \u03c4\u03b9\u03c2 \u03c5\u03c0\u03b7\u03c1\u03b5\u03c3\u03af\u03b5\u03c2 \u03c3\u03c4\u03bf\u03bc\u03b1\u03c4\u03b9\u03ba\u03ae\u03c2 \u03ba\u03b1\u03b9 \u03bf\u03b4\u03bf\u03bd\u03c4\u03b9\u03b1\u03c4\u03c1\u03b9\u03ba\u03ae\u03c2 \u03c5\u03b3\u03b5\u03af\u03b1\u03c2 \u03bc\u03b1\u03c2, \u03c4\u03b1 \u03c0\u03c1\u03bf\u03c3\u03c9\u03c0\u03b9\u03ba\u03ac \u03c3\u03b1\u03c2 \u03b4\u03b5\u03b4\u03bf\u03bc\u03ad\u03bd\u03b1 \u03b8\u03b1 \u03c4\u03b7\u03c1\u03b7\u03b8\u03bf\u03cd\u03bd \u03b3\u03b9\u03b1 1 (\u03ad\u03bd\u03b1) \u03ad\u03c4\u03bf\u03c2 \u03c3\u03cd\u03bc\u03c6\u03c9\u03bd\u03b1 \u03bc\u03b5 \u03c4\u03bf\u03c5\u03c2 \u03b1\u03bd\u03c9\u03c4\u03ad\u03c1\u03c9 \u03c3\u03ba\u03bf\u03c0\u03bf\u03cd\u03c2. \u039c\u03b5\u03c4\u03ac \u03c4\u03b7 \u03bb\u03ae\u03be\u03b7 \u03c4\u03b7\u03c2 \u03c0\u03b5\u03c1\u03b9\u03cc\u03b4\u03bf\u03c5, \u03c4\u03b1 \u03c0\u03c1\u03bf\u03c3\u03c9\u03c0\u03b9\u03ba\u03ac \u03c3\u03b1\u03c2 \u03b4\u03b5\u03b4\u03bf\u03bc\u03ad\u03bd\u03b1 \u03b8\u03b1 \u03b4\u03b9\u03b1\u03b3\u03c1\u03b1\u03c6\u03bf\u03cd\u03bd, \u03b8\u03b1 \u03ba\u03b1\u03c4\u03b1\u03c3\u03c4\u03c1\u03b1\u03c6\u03bf\u03cd\u03bd \u03ba\u03b1\u03b9\/\u03ae \u03b8\u03b1 \u03b1\u03bd\u03c9\u03bd\u03c5\u03bc\u03bf\u03c0\u03bf\u03b9\u03b7\u03b8\u03bf\u03cd\u03bd \u03b1\u03c0\u03cc \u03c4\u03b7\u03bd YKM \u03c3\u03cd\u03bc\u03c6\u03c9\u03bd\u03b1 \u03bc\u03b5 \u03c4\u03b7\u03bd \u03c0\u03bf\u03bb\u03b9\u03c4\u03b9\u03ba\u03ae \u03c4\u03b7\u03c2 \u03b3\u03b9\u03b1 \u03c4\u03b7\u03bd \u03b5\u03c0\u03b5\u03be\u03b5\u03c1\u03b3\u03b1\u03c3\u03af\u03b1, \u03c0\u03c1\u03bf\u03c3\u03c4\u03b1\u03c3\u03af\u03b1, \u03c4\u03ae\u03c1\u03b7\u03c3\u03b7 \u03ba\u03b1\u03b9 \u03ba\u03b1\u03c4\u03b1\u03c3\u03c4\u03c1\u03bf\u03c6\u03ae \u03c0\u03c1\u03bf\u03c3\u03c9\u03c0\u03b9\u03ba\u03ce\u03bd \u03b4\u03b5\u03b4\u03bf\u03bc\u03ad\u03bd\u03c9\u03bd \u03ae \u03ba\u03b1\u03c4\u03cc\u03c0\u03b9\u03bd \u03b1\u03b9\u03c4\u03ae\u03bc\u03b1\u03c4\u03cc\u03c2 \u03c3\u03b1\u03c2, \u03bc\u03b5 \u03c4\u03b9\u03c2 \u03bc\u03b5\u03b8\u03cc\u03b4\u03bf\u03c5\u03c2 \u03c0\u03bf\u03c5 \u03c0\u03c1\u03bf\u03b2\u03bb\u03ad\u03c0\u03bf\u03bd\u03c4\u03b1\u03b9 \u03b1\u03c0\u03cc \u03c4\u03bf\u03bd \u039d\u03cc\u03bc\u03bf \u03c0\u03b5\u03c1\u03af \u03a0\u03c1\u03bf\u03c3\u03c4\u03b1\u03c3\u03af\u03b1\u03c2 \u0394\u03b5\u03b4\u03bf\u03bc\u03ad\u03bd\u03c9\u03bd \u03a0\u03c1\u03bf\u03c3\u03c9\u03c0\u03b9\u03ba\u03bf\u03cd \u03a7\u03b1\u03c1\u03b1\u03ba\u03c4\u03ae\u03c1\u03b1 \u03ba\u03b1\u03b9 \u03c4\u03bf\u03c5\u03c2 \u03c3\u03c7\u03b5\u03c4\u03b9\u03ba\u03bf\u03cd\u03c2 \u03ba\u03b1\u03bd\u03bf\u03bd\u03b9\u03c3\u03bc\u03bf\u03cd\u03c2. <strong>\u03a3\u03b5 \u03c0\u03b5\u03c1\u03af\u03c0\u03c4\u03c9\u03c3\u03b7 \u03c0\u03bf\u03c5 \u03b5\u03c0\u03c9\u03c6\u03b5\u03bb\u03b7\u03b8\u03b5\u03af\u03c4\u03b5 \u03b1\u03c0\u03cc \u03c4\u03b9\u03c2 \u03c5\u03c0\u03b7\u03c1\u03b5\u03c3\u03af\u03b5\u03c2 \u03c3\u03c4\u03bf\u03bc\u03b1\u03c4\u03b9\u03ba\u03ae\u03c2 \u03ba\u03b1\u03b9 \u03bf\u03b4\u03bf\u03bd\u03c4\u03b9\u03b1\u03c4\u03c1\u03b9\u03ba\u03ae\u03c2 \u03c5\u03b3\u03b5\u03af\u03b1\u03c2 \u03bc\u03b1\u03c2, \u03b5\u03ba\u03c0\u03bb\u03b7\u03c1\u03ce\u03bd\u03bf\u03c5\u03bc\u03b5 \u03b5\u03c0\u03b9\u03c0\u03bb\u03ad\u03bf\u03bd \u03ba\u03b1\u03b9 \u03be\u03b5\u03c7\u03c9\u03c1\u03b9\u03c3\u03c4\u03ac \u03c4\u03b7\u03bd \u03c5\u03c0\u03bf\u03c7\u03c1\u03ad\u03c9\u03c3\u03b7 \u03b5\u03bd\u03b7\u03bc\u03ad\u03c1\u03c9\u03c3\u03b7\u03c2.<\/strong> (<em>https:\/\/www.ideadentalclinic.com\/kvkk<\/em>)<\/p>\n<p>\u03a3\u03cd\u03bc\u03c6\u03c9\u03bd\u03b1 \u03bc\u03b5 \u03c4\u03bf\u03bd \u039d\u03cc\u03bc\u03bf \u03c0\u03b5\u03c1\u03af \u03a0\u03c1\u03bf\u03c3\u03c4\u03b1\u03c3\u03af\u03b1\u03c2 \u0394\u03b5\u03b4\u03bf\u03bc\u03ad\u03bd\u03c9\u03bd \u03a0\u03c1\u03bf\u03c3\u03c9\u03c0\u03b9\u03ba\u03bf\u03cd \u03a7\u03b1\u03c1\u03b1\u03ba\u03c4\u03ae\u03c1\u03b1, \u03b3\u03b9\u03b1 \u03bd\u03b1 \u03b1\u03c3\u03ba\u03ae\u03c3\u03b5\u03c4\u03b5 \u03c4\u03b1 \u03b4\u03b9\u03ba\u03b1\u03b9\u03ce\u03bc\u03b1\u03c4\u03ac \u03c3\u03b1\u03c2 \u03c0\u03bf\u03c5 \u03b1\u03bd\u03b1\u03c6\u03ad\u03c1\u03bf\u03bd\u03c4\u03b1\u03b9 \u03b1\u03bd\u03c9\u03c4\u03ad\u03c1\u03c9, \u03b1\u03c0\u03b1\u03b9\u03c4\u03b5\u03af\u03c4\u03b1\u03b9 \u03bd\u03b1 \u03c5\u03c0\u03bf\u03b2\u03ac\u03bb\u03b5\u03c4\u03b5 \u03c4\u03bf \u03c3\u03c7\u03b5\u03c4\u03b9\u03ba\u03cc \u03b1\u03af\u03c4\u03b7\u03bc\u03ac \u03c3\u03b1\u03c2 \u03b5\u03b3\u03b3\u03c1\u03ac\u03c6\u03c9\u03c2 \u03c0\u03c1\u03bf\u03c2 \u03c4\u03b7\u03bd \u0395\u03c4\u03b1\u03b9\u03c1\u03b5\u03af\u03b1 \u03bc\u03b1\u03c2. \u0393\u03b9\u03b1 \u03c4\u03b7\u03bd \u03ac\u03c3\u03ba\u03b7\u03c3\u03b7 \u03c4\u03c9\u03bd \u03b4\u03b9\u03ba\u03b1\u03b9\u03c9\u03bc\u03ac\u03c4\u03c9\u03bd \u03c3\u03b1\u03c2, \u03bc\u03c0\u03bf\u03c1\u03b5\u03af\u03c4\u03b5 \u03bd\u03b1 \u03c3\u03c5\u03bc\u03c0\u03bb\u03b7\u03c1\u03ce\u03c3\u03b5\u03c4\u03b5 \u03c4\u03bf \u03ad\u03bd\u03c4\u03c5\u03c0\u03bf \u03b1\u03af\u03c4\u03b7\u03c3\u03b7\u03c2 \u03ac\u03c3\u03ba\u03b7\u03c3\u03b7\u03c2 \u03b4\u03b9\u03ba\u03b1\u03b9\u03c9\u03bc\u03ac\u03c4\u03c9\u03bd YKM.F.15\/04, \u03c4\u03bf \u03bf\u03c0\u03bf\u03af\u03bf \u03b2\u03c1\u03af\u03c3\u03ba\u03b5\u03c4\u03b1\u03b9 \u03c3\u03c4\u03b7 \u03b4\u03b9\u03b1\u03b4\u03b9\u03ba\u03c4\u03c5\u03b1\u03ba\u03ae \u03b4\u03b9\u03b5\u03cd\u03b8\u03c5\u03bd\u03c3\u03b7 \u03c4\u03b7\u03c2 \u0395\u03c4\u03b1\u03b9\u03c1\u03b5\u03af\u03b1\u03c2 \u03ba\u03b1\u03b9 \u03bc\u03c0\u03bf\u03c1\u03b5\u03af\u03c4\u03b5 \u03b5\u03c0\u03af\u03c3\u03b7\u03c2 \u03bd\u03b1 \u03c4\u03bf \u03c0\u03c1\u03bf\u03bc\u03b7\u03b8\u03b5\u03c5\u03c4\u03b5\u03af\u03c4\u03b5 \u03b1\u03c0\u03cc \u03c4\u03b7 \u03bc\u03bf\u03bd\u03ac\u03b4\u03b1 \u03b4\u03b9\u03ba\u03b1\u03b9\u03c9\u03bc\u03ac\u03c4\u03c9\u03bd \u03b1\u03c3\u03b8\u03b5\u03bd\u03ce\u03bd \u03bc\u03b1\u03c2 (<em>https:\/\/www.ideadentalclinic.com\/kvkk<\/em>), \u03ba\u03b1\u03b9 \u03bd\u03b1 \u03c4\u03bf \u03c0\u03b1\u03c1\u03b1\u03b4\u03ce\u03c3\u03b5\u03c4\u03b5 \u03c3\u03c4\u03b7\u03bd \u0395\u03c4\u03b1\u03b9\u03c1\u03b5\u03af\u03b1 \u03bc\u03b1\u03c2 \u03cc\u03c0\u03c9\u03c2 \u03b1\u03bd\u03b1\u03c6\u03ad\u03c1\u03b5\u03c4\u03b1\u03b9 \u03c3\u03c4\u03bf \u03ad\u03bd\u03c4\u03c5\u03c0\u03bf \u03ae \u03bd\u03b1 \u03c4\u03bf \u03b1\u03c0\u03bf\u03c3\u03c4\u03b5\u03af\u03bb\u03b5\u03c4\u03b5 \u03ba\u03b1\u03b9 \u03bc\u03ad\u03c3\u03c9 \u03b7\u03bb\u03b5\u03ba\u03c4\u03c1\u03bf\u03bd\u03b9\u03ba\u03bf\u03cd \u03c4\u03b1\u03c7\u03c5\u03b4\u03c1\u03bf\u03bc\u03b5\u03af\u03bf\u03c5.<\/p>\n<h2><em>\u03a3\u03a4\u039f\u0399\u03a7\u0395\u0399\u0391 \u0395\u03a0\u0399\u039a\u039f\u0399\u039d\u03a9\u039d\u0399\u0391\u03a3<\/em><\/h2>\n<p><strong>\u03a3\u03cd\u03bd\u03b4\u03b5\u03c3\u03bc\u03bf\u03c2 \u03b5\u03c0\u03b9\u03ba\u03bf\u03b9\u03bd\u03c9\u03bd\u03af\u03b1\u03c2<\/strong>: https:\/\/www.ideadentalclinic.com\/iletisim\/<\/p>\n<p><strong>\u0394\u03b9\u03b5\u03cd\u03b8\u03c5\u03bd\u03c3\u03b7:<\/strong> Top\u00e7ular Mah, Rami K\u0131\u015fla Cd. No:40 D:44D, 34055 Ey\u00fcpsultan\/\u0130stanbul<\/p>\n<p><strong>\u0397 \u03b4\u03b9\u03b5\u03cd\u03b8\u03c5\u03bd\u03c3\u03b7 KEP \u03bc\u03b1\u03c2: ykmsaglik@hs06.kep.tr<\/strong><\/p>\n<p><strong>\u03a4\u03b7\u03bb\u03ad\u03c6\u03c9\u03bd\u03bf:<\/strong> <strong>(0212) 302 50 70<\/strong><\/p>\n","protected":false},"excerpt":{"rendered":"<p>\u03a4\u03bf \u03c0\u03b1\u03c1\u03cc\u03bd \u03ba\u03b5\u03af\u03bc\u03b5\u03bd\u03bf \u03b5\u03bd\u03b7\u03bc\u03ad\u03c1\u03c9\u03c3\u03b7\u03c2 \u03ad\u03c7\u03b5\u03b9 \u03ba\u03b1\u03c4\u03b1\u03c1\u03c4\u03b9\u03c3\u03c4\u03b5\u03af \u03b1\u03c0\u03cc \u03c4\u03b7\u03bd YKM SA\u011eLIK H\u0130ZMETLER\u0130 L\u0130M\u0130TED \u015e\u0130RKET\u0130 (\u0130DEA A\u011eIZ VE D\u0130\u015e SA\u011eLI\u011eI POL\u0130KL\u0130N\u0130\u011e\u0130) , \u03c5\u03c0\u03cc \u03c4\u03b7\u03bd \u03b9\u03b4\u03b9\u03cc\u03c4\u03b7\u03c4\u03ac \u03c4\u03b7\u03c2 \u03c9\u03c2 \u03c5\u03c0\u03b5\u03cd\u03b8\u03c5\u03bd\u03bf\u03c2 \u03b5\u03c0\u03b5\u03be\u03b5\u03c1\u03b3\u03b1\u03c3\u03af\u03b1\u03c2 \u03b4\u03b5\u03b4\u03bf\u03bc\u03ad\u03bd\u03c9\u03bd (\u03b5\u03c6\u03b5\u03be\u03ae\u03c2 \u03b8\u03b1 \u03b1\u03bd\u03b1\u03c6\u03ad\u03c1\u03b5\u03c4\u03b1\u03b9 \u03c9\u03c2 YKM), \u03c3\u03c4\u03bf \u03c0\u03bb\u03b1\u03af\u03c3\u03b9\u03bf \u03c4\u03bf\u03c5 \u03ac\u03c1\u03b8\u03c1\u03bf\u03c5 10 \u03c4\u03bf\u03c5 \u039d\u03cc\u03bc\u03bf\u03c5 \u03c5\u03c0\u2019 \u03b1\u03c1\u03b9\u03b8. 6698 \u03c0\u03b5\u03c1\u03af \u03a0\u03c1\u03bf\u03c3\u03c4\u03b1\u03c3\u03af\u03b1\u03c2 \u0394\u03b5\u03b4\u03bf\u03bc\u03ad\u03bd\u03c9\u03bd \u03a0\u03c1\u03bf\u03c3\u03c9\u03c0\u03b9\u03ba\u03bf\u03cd \u03a7\u03b1\u03c1\u03b1\u03ba\u03c4\u03ae\u03c1\u03b1 \u03ba\u03b1\u03b9 \u03c4\u03b7\u03c2 \u0391\u03bd\u03b1\u03ba\u03bf\u03af\u03bd\u03c9\u03c3\u03b7\u03c2 \u03c3\u03c7\u03b5\u03c4\u03b9\u03ba\u03ac \u03bc\u03b5 \u03c4\u03b9\u03c2 \u03b4\u03b9\u03b1\u03b4\u03b9\u03ba\u03b1\u03c3\u03af\u03b5\u03c2 [&hellip;]<\/p>\n","protected":false},"author":1,"featured_media":0,"parent":0,"menu_order":0,"comment_status":"closed","ping_status":"closed","template":"","meta":{"footnotes":""},"class_list":["post-1725","page","type-page","status-publish","hentry"],"_links":{"self":[{"href":"https:\/\/www.ideadentalclinic.com\/gr\/wp-json\/wp\/v2\/pages\/1725","targetHints":{"allow":["GET"]}}],"collection":[{"href":"https:\/\/www.ideadentalclinic.com\/gr\/wp-json\/wp\/v2\/pages"}],"about":[{"href":"https:\/\/www.ideadentalclinic.com\/gr\/wp-json\/wp\/v2\/types\/page"}],"author":[{"embeddable":true,"href":"https:\/\/www.ideadentalclinic.com\/gr\/wp-json\/wp\/v2\/users\/1"}],"replies":[{"embeddable":true,"href":"https:\/\/www.ideadentalclinic.com\/gr\/wp-json\/wp\/v2\/comments?post=1725"}],"version-history":[{"count":3,"href":"https:\/\/www.ideadentalclinic.com\/gr\/wp-json\/wp\/v2\/pages\/1725\/revisions"}],"predecessor-version":[{"id":1728,"href":"https:\/\/www.ideadentalclinic.com\/gr\/wp-json\/wp\/v2\/pages\/1725\/revisions\/1728"}],"wp:attachment":[{"href":"https:\/\/www.ideadentalclinic.com\/gr\/wp-json\/wp\/v2\/media?parent=1725"}],"curies":[{"name":"wp","href":"https:\/\/api.w.org\/{rel}","templated":true}]}}